{"id":99,"date":"2018-04-23T13:07:04","date_gmt":"2018-04-23T11:07:04","guid":{"rendered":"http:\/\/dom-glina.hr\/?page_id=99"},"modified":"2026-02-24T13:54:16","modified_gmt":"2026-02-24T12:54:16","slug":"kontakt","status":"publish","type":"page","link":"https:\/\/dom-glina.hr\/?page_id=99","title":{"rendered":"Kontakt"},"content":{"rendered":"<p><em><strong>Adresa<\/strong><\/em><br \/>\nDom za starije osobe Glina<br \/>\nTrg hrvatskih branitelja 2,<br \/>\n44400 Glina<br \/>\nOIB:&nbsp;43519788038<\/p>\n<p><em><strong>Kontakt:<br \/>\n<\/strong><\/em>Centrala:<em><strong>&nbsp;<\/strong><\/em>044\/551-000<br \/>\nRa\u010dunovodstvo: 044\/551-013<\/p>\n<p><strong>e-mail:<\/strong> kontakt@dom-glina.hr<br \/>\n<strong>web:<\/strong> dom-glina.hr<\/p>\n<div><b>Radi sastavljanja liste \u010dekanja Dom zaprima zahtjeve za smje\u0161taj na e-mail adresu: <\/b>socijalna.radnica@dom-glina.hr<b><br \/>\ni broj mobitela&nbsp;<\/b><b>099\/4597-542&nbsp; &#8211; <\/b>socijalna radnica Marija \u0160aki\u0107<\/div>\n<p><strong><br \/>\nravnateljica<\/strong>:&nbsp;&nbsp;<br \/>\nRenata Tominovi\u0107 &#8211; Cekovi\u0107, mag. educ. rehab. 044\/551-016, ravnateljica@dom-glina.hr<br \/>\n<strong>socijalna radnica<\/strong>:&nbsp;<br \/>\nMarija \u0160aki\u0107, mag.soc.polit 044\/551-005, socijalna.radnica@dom-glina.hr, 099\/4597-542<\/p>\n<p><strong>voditeljica Odjela njege i poja\u010dane brige o zdravlju korisnika<\/strong>:<br \/>\nDragana Kukole\u010da, bacc.med.techn., glavna.sestra@dom-glina.hr, 099\/ 529 13 27<\/p>\n<p>de\u017eurna medicinska sestra\/tehni\u010dar Odjela njege i brige o zdravlju:<br \/>\nkontakt: 099\/459-7541&nbsp;ili 044\/551-017<\/p>\n<p><strong>voditelj Odjela prehrane i pomo\u0107no tehni\u010dkih poslova<\/strong>:&nbsp;<br \/>\nJasmin Kadri\u0107 044 551 012, ekonom@dom-glina.hr<br \/>\n<strong>voditelj odjela ra\u010dunovodstvenih i administrativnih poslova<\/strong>:<br \/>\nMatej Majcek, bacc.oec. 044 551 013, racunovodstvo@dom-glina.hr<\/p>\n<p>&nbsp;<\/p>\n<p><strong>Radno vrijeme:<\/strong><\/p>\n<p><span style=\"color: #ff0000;\">1. KAT<\/span><br \/>\n<strong>RAVNATELJICA<\/strong> : OD 07:30 SATI DO 15:30 SATI<\/p>\n<p><span style=\"color: #ff0000;\">2. KAT<\/span><br \/>\n<strong>SOCIJALNA RADNICA<\/strong>: OD 07:00 SATI DO 15:00 SATI<\/p>\n<p><span style=\"color: #ff0000;\">1. KAT<\/span><br \/>\n<strong>RA\u010cUNOVODSTVO<\/strong>: OD 07:00 SATI DO 15:00 SATI<\/p>\n<p><strong>VODITELJICA ODJELA POJA\u010cANE NJEGE I BRIGE O ZDRAVLJU KORISNIKA<\/strong>:<br \/>\nOD 7:00 SATI DO 15:00 SATI &#8211; <span style=\"color: #ff0000;\">3. KAT<\/span><\/p>\n<p><strong>VODITELJ ODJELA PREHRANE I POMO\u0106NO TEHNI\u010cKIH POSLOVA<\/strong>:<br \/>\nOD 7:00 SATI DO 15.00 SATI &#8211; <span style=\"color: #ff0000;\">PRIZEMLJE<\/span><\/p>\n<p><strong>VRIJEME PAUZE<\/strong>: od 10:30 sati do 11:00 sati<\/p>\n<p>&nbsp;<\/p>\n<p><em><strong><br \/>\nKako do nas?<\/strong><\/em><\/p>\n<p><iframe loading=\"lazy\" style=\"border: 0;\" src=\"https:\/\/www.google.com\/maps\/embed?pb=!1m18!1m12!1m3!1d1402.35198743732!2d16.08313365826962!3d45.3345998802756!2m3!1f0!2f0!3f0!3m2!1i1024!2i768!4f13.1!3m3!1m2!1s0x4766bf6e7f59c917%3A0x141bed96f20cea!2sDom+za+starije+osobe+Glina!5e0!3m2!1shr!2shr!4v1551763115722\" width=\"600\" height=\"450\" frameborder=\"0\" allowfullscreen=\"allowfullscreen\"><\/iframe><\/p>\n<p>&nbsp;<\/p>\n","protected":false},"excerpt":{"rendered":"<p>Adresa Dom za starije osobe Glina Trg hrvatskih branitelja 2, 44400 Glina OIB:&nbsp;43519788038 Kontakt: Centrala:&nbsp;044\/551-000 Ra\u010dunovodstvo: 044\/551-013 e-mail: kontakt@dom-glina.hr web: dom-glina.hr Radi sastavljanja liste \u010dekanja Dom zaprima zahtjeve za smje\u0161taj na e-mail adresu: socijalna.radnica@dom-glina.hr i broj mobitela&nbsp;099\/4597-542&nbsp; &#8211; socijalna radnica Marija \u0160aki\u0107 ravnateljica:&nbsp;&nbsp; Renata Tominovi\u0107 &#8211; Cekovi\u0107, mag. educ. rehab. 044\/551-016, ravnateljica@dom-glina.hr socijalna radnica:&nbsp; Marija&hellip;<\/p>\n","protected":false},"author":1,"featured_media":0,"parent":0,"menu_order":5,"comment_status":"closed","ping_status":"closed","template":"","meta":{"_monsterinsights_skip_tracking":false,"_monsterinsights_sitenote_active":false,"_monsterinsights_sitenote_note":"","_monsterinsights_sitenote_category":0,"ngg_post_thumbnail":0,"footnotes":""},"aioseo_notices":[],"_links":{"self":[{"href":"https:\/\/dom-glina.hr\/index.php?rest_route=\/wp\/v2\/pages\/99"}],"collection":[{"href":"https:\/\/dom-glina.hr\/index.php?rest_route=\/wp\/v2\/pages"}],"about":[{"href":"https:\/\/dom-glina.hr\/index.php?rest_route=\/wp\/v2\/types\/page"}],"author":[{"embeddable":true,"href":"https:\/\/dom-glina.hr\/index.php?rest_route=\/wp\/v2\/users\/1"}],"replies":[{"embeddable":true,"href":"https:\/\/dom-glina.hr\/index.php?rest_route=%2Fwp%2Fv2%2Fcomments&post=99"}],"version-history":[{"count":36,"href":"https:\/\/dom-glina.hr\/index.php?rest_route=\/wp\/v2\/pages\/99\/revisions"}],"predecessor-version":[{"id":7743,"href":"https:\/\/dom-glina.hr\/index.php?rest_route=\/wp\/v2\/pages\/99\/revisions\/7743"}],"wp:attachment":[{"href":"https:\/\/dom-glina.hr\/index.php?rest_route=%2Fwp%2Fv2%2Fmedia&parent=99"}],"curies":[{"name":"wp","href":"https:\/\/api.w.org\/{rel}","templated":true}]}}