{"id":96,"date":"2018-04-23T13:06:52","date_gmt":"2018-04-23T11:06:52","guid":{"rendered":"http:\/\/dom-glina.hr\/?page_id=96"},"modified":"2026-01-28T12:33:03","modified_gmt":"2026-01-28T11:33:03","slug":"informacije","status":"publish","type":"page","link":"https:\/\/dom-glina.hr\/?page_id=96","title":{"rendered":"Informacije"},"content":{"rendered":"<p style=\"text-align: justify;\"><strong>Pristup informacijama Doma za starije osobe Glina<\/strong><\/p>\n<p style=\"text-align: justify;\">Sloboda informiranja odnosno pravo na pristup informacijama jedno je od temeljnih ljudskih prava zajam\u010deno Ustavom Republike Hrvatske, a obuhva\u0107a pravo korisnika na tra\u017eenje i dobivanje informacije, kao i obvezu tijela javne vlasti da omogu\u0107i pristup zatra\u017eenoj informaciji te da objavljuje informaciju neovisno o postavljenom zahtjevu kada takvo objavljivanje proizlazi iz obveze odre\u0111ene zakonom ili drugim propisom.<\/p>\n<p style=\"text-align: justify;\">Osnovni propis u Republici Hrvatskoj koji ure\u0111uje ovo podru\u010dje jest:<\/p>\n<ul>\n<li style=\"text-align: justify;\"><a href=\"http:\/\/www.hanfa.hr\/getfile\/43507\/ZPPI%20nesluzbeni%20procisceni.pdf\" target=\"_blank\" rel=\"noopener\"><span style=\"text-decoration: underline; color: #3366ff;\"><em>Zakon o pravu na pristup informacijama<\/em><\/span><\/a> \u2013 neslu\u017ebeni pro\u010di\u0161\u0107eni tekst (NN, br. 25\/13 i 85\/15)<\/li>\n<li style=\"text-align: justify;\"><a href=\"https:\/\/narodne-novine.nn.hr\/clanci\/sluzbeni\/2013_02_25_403.html\" target=\"_blank\" rel=\"noopener\"><span style=\"text-decoration: underline; color: #3366ff;\"><em>Zakon o pravu na pristup informacijama<\/em><\/span><\/a> (NN, br. 25\/13)<\/li>\n<li style=\"text-align: justify;\"><a href=\"https:\/\/narodne-novine.nn.hr\/clanci\/sluzbeni\/2015_08_85_1649.html\" target=\"_blank\" rel=\"noopener\"><span style=\"text-decoration: underline; color: #3366ff;\"><em>Zakon o izmjenama i dopunama Zakona o pravu na pristup informacijama<\/em><\/span><\/a> (NN, br. 85\/15).<\/li>\n<\/ul>\n<p style=\"text-align: justify;\">Dom za starije osobe Glina omogu\u0107ava pristup informacijama o svojem radu redovitim objavljivanjem informacija putem internetske stranice te davanjem informacija korisniku koji je podnio Domu &#8211; zahtjev za ostvarivanje prava na pristup informaciji.<br \/>\nPravo na pristup informacijama mo\u017ee se ostvariti podno\u0161enjem usmenog ili pisanog zahtjeva.<\/p>\n<p style=\"text-align: justify;\">Ukoliko se zahtjev podnosi pisanim putem, potrebno je ispuniti:<\/p>\n<p style=\"text-align: justify;\"><a href=\"http:\/\/dom-glina.hr\/wp-content\/uploads\/2018\/04\/Obrazac-2-Zahtjev-za-pristup-informacijam2014a.doc\" target=\"_blank\" rel=\"noopener\"><span style=\"text-decoration: underline; color: #3366ff;\"><em> Obrazac zahtjeva za pristup informacijama<\/em><\/span><\/a>,<\/p>\n<p style=\"text-align: justify;\">odnosno:<\/p>\n<p style=\"text-align: justify;\"><a href=\"http:\/\/dom-glina.hr\/wp-content\/uploads\/2018\/04\/Obrazac-3-Zahtjev-za-dopunu-ili-ispravak-informacije2014.doc\" target=\"_blank\" rel=\"noopener\"><span style=\"text-decoration: underline; color: #3366ff;\"><em> Obrazac zahtjeva za dopunu ili ispravak informacije<\/em><\/span><\/a>,<\/p>\n<p style=\"text-align: justify;\">koji mo\u017eete poslati:<\/p>\n<ul>\n<li style=\"text-align: justify;\">na adresu: Dom za starije osobe Glina, trg hrvatskih branitelja 2, 44400 Glina<\/li>\n<li style=\"text-align: justify;\">elektroni\u010dkom po\u0161tom na adresu: kontakt@dom-glina.hr<\/li>\n<\/ul>\n<p><span style=\"text-decoration: underline; color: #3366ff;\"><em><a style=\"color: #3366ff; text-decoration: underline;\" href=\"http:\/\/dom-glina.hr\/wp-content\/uploads\/2019\/01\/Obrazac-Zahtjeva-za-ponovnu-uporabu-informacija.pdf\" target=\"_blank\" rel=\"noopener\">Obrazac Zahtjeva za ponovnu uporabu informacija<\/a><\/em><\/span>&nbsp;(pdf)<\/p>\n<p><a href=\"http:\/\/dom-glina.hr\/wp-content\/uploads\/2019\/01\/Obrazac-Zahtjeva-za-ponovnu-uporabu-informacija.doc\" target=\"_blank\" rel=\"noopener\"><span style=\"text-decoration: underline; color: #3366ff;\"><em>Obrazac Zahtjeva za ponovnu uporabu informacija<\/em><\/span><\/a>&nbsp;(doc)<\/p>\n<p><a href=\"http:\/\/dom-glina.hr\/wp-content\/uploads\/2019\/01\/Postupak-za-ponovnu-uporabu-informacija.pdf\" target=\"_blank\" rel=\"noopener\"><span style=\"text-decoration: underline; color: #3366ff;\"><em>Postupak za ponovnu uporabu informacija<\/em><\/span><\/a>&nbsp;(pdf)<\/p>\n<p>SLU\u017dBENIK ZA INFORMIRANJE<br \/>\n<span style=\"text-decoration: underline; color: #3366ff;\"><em><a style=\"color: #3366ff; text-decoration: underline;\" href=\"http:\/\/dom-glina.hr\/wp-content\/uploads\/2018\/07\/Odluka-o-imenovanju-sluzbenika-za-informiranje.pdf\" target=\"_blank\" rel=\"noopener\">Odluka o imenovanju sluzbenika za informiranje<\/a><\/em><\/span>&nbsp;(pdf)<\/p>\n<ul>\n<li>ime i prezime : JOSIPA BELAJEC<\/li>\n<li>broj telefona: 044\/551-001<\/li>\n<li>e-mail: kontakt@dom-glina.hr<\/li>\n<\/ul>\n<p><span style=\"text-decoration: underline; color: #3366ff;\"><em><a style=\"color: #3366ff; text-decoration: underline;\" href=\"http:\/\/dom-glina.hr\/wp-content\/uploads\/2018\/08\/Odluka-o-ustroju-Upisnika-o-ostvarivanju-prava-na-pristup-info.pdf\" target=\"_blank\" rel=\"noopener\">Odluka o ustroju Upisnika o ostvarivanju prava na pristup info<\/a><\/em><\/span>&nbsp;(pdf)<\/p>\n<p><span style=\"text-decoration: underline; color: #3366ff;\"><em><a style=\"color: #3366ff; text-decoration: underline;\" href=\"http:\/\/dom-glina.hr\/wp-content\/uploads\/2019\/01\/Kriteriji-za-odredjivanje-visine-naknade-stvarnih-troskova.pdf\" target=\"_blank\" rel=\"noopener\">Kriteriji za odredjivanje visine naknade stvarnih troskova<\/a><\/em><\/span>&nbsp;(pdf)<\/p>\n<p>&nbsp;<\/p>\n<p>Izvje\u0161\u0107e o provedbi Zakona o pravu na pristup informacijama:<\/p>\n<p><a href=\"https:\/\/dom-glina.hr\/wp-content\/uploads\/2026\/01\/Izvjesce-o-provedbi-Zakona-o-pravu-na-pristup-informacijama-za-2025.pdf\"><span style=\"text-decoration: underline; color: #3366ff;\"><em>Izvjesce o provedbi Zakona o pravu na pristup informacijama za 2025<\/em><\/span><\/a>&nbsp;(pdf)<\/p>\n<p><span style=\"text-decoration: underline; color: #3366ff;\"><em><a style=\"color: #3366ff; text-decoration: underline;\" href=\"https:\/\/dom-glina.hr\/wp-content\/uploads\/2026\/01\/Izvjesce-o-provedbi-Zakona-o-pravu-na-pristup-informacijama-za-2025.csv\">Izvjesce o provedbi Zakona o pravu na pristup informacijama za 2025<\/a><\/em><\/span>&nbsp;(csv)<\/p>\n<p><a href=\"https:\/\/dom-glina.hr\/wp-content\/uploads\/2025\/01\/Izvjesce-o-provedbi-Zakona-o-pravu-na-pristup-informacijama-za-2024.pdf\"><span style=\"text-decoration: underline; color: #3366ff;\"><em>Izvjesce o provedbi Zakona o pravu na pristup informacijama za 2024<\/em><\/span><\/a>&nbsp;(pdf)<\/p>\n<p><a href=\"https:\/\/dom-glina.hr\/wp-content\/uploads\/2025\/01\/Izvjesce-o-provedbi-Zakona-o-pravu-na-pristup-informacijama-za-2024.csv\"><span style=\"text-decoration: underline; color: #3366ff;\"><em>Izvjesce o provedbi Zakona o pravu na pristup informacijama za 2024<\/em><\/span><\/a>&nbsp;(csv)<\/p>\n<p><a href=\"https:\/\/dom-glina.hr\/wp-content\/uploads\/2024\/01\/Izvjesce-o-provedbi-Zakona-o-pravu-na-pristup-informacijama-za-2023.pdf\"><span style=\"text-decoration: underline; color: #3366ff;\"><em>Izvjesce o provedbi Zakona o pravu na pristup informacijama za 2023<\/em><\/span><\/a>&nbsp;(pdf)<\/p>\n<p><a href=\"https:\/\/dom-glina.hr\/wp-content\/uploads\/2024\/01\/Izvjesce-o-provedbi-Zakona-o-pravu-na-pristup-informacijama-za-2023.csv\"><span style=\"text-decoration: underline; color: #3366ff;\"><em>Izvjesce o provedbi Zakona o pravu na pristup informacijama za 2023<\/em><\/span><\/a>&nbsp;(csv)<\/p>\n<p><span style=\"text-decoration: underline; color: #3366ff;\"><em><a style=\"color: #3366ff; text-decoration: underline;\" href=\"https:\/\/dom-glina.hr\/wp-content\/uploads\/2023\/01\/Izvjesce-o-provedbi-Zakona-o-pravu-na-pristup-informacijama-za-2022.pdf\">Izvjesce o provedbi Zakona o pravu na pristup informacijama za 2022<\/a><\/em><\/span>&nbsp;(pdf)<\/p>\n<p><span style=\"text-decoration: underline; color: #3366ff;\"><em><a style=\"color: #3366ff; text-decoration: underline;\" href=\"https:\/\/dom-glina.hr\/wp-content\/uploads\/2023\/01\/Izvjesce-o-provedbi-Zakona-o-pravu-na-pristup-informacijama-za-2022.csv\">Izvjesce o provedbi Zakona o pravu na pristup informacijama za 2022<\/a><\/em><\/span>&nbsp;(csv)<\/p>\n<p><span style=\"text-decoration: underline; color: #3366ff;\"><em><a style=\"color: #3366ff; text-decoration: underline;\" href=\"https:\/\/dom-glina.hr\/wp-content\/uploads\/2022\/02\/Izvjesce-o-provedbi-Zakona-o-pravu-na-pristup-informacijama-za-2021-godinu.pdf\">Izvjesce o provedbi Zakona o pravu na pristup informacijama za 2021<\/a><\/em><\/span>&nbsp;(pdf)<\/p>\n<p><a href=\"https:\/\/dom-glina.hr\/wp-content\/uploads\/2022\/02\/Izvjesce-o-provedbi-Zakona-o-pravu-na-pristup-informacijama-za-2021-godinu.csv\"><span style=\"text-decoration: underline; color: #3366ff;\"><em>Izvjesce o provedbi Zakona o pravu na pristup informacijama za 2021<\/em><\/span><\/a>&nbsp;(csv)<\/p>\n<p><a href=\"https:\/\/dom-glina.hr\/wp-content\/uploads\/2021\/01\/Izvjesce-o-provedbi-Zakona-o-pravu-na-pristup-informacijama-za-2020-godinu.pdf\"><span style=\"text-decoration: underline; color: #3366ff;\"><em>Izvjesce o provedbi Zakona o pravu na pristup informacijama za 2020<\/em><\/span><\/a>&nbsp;(pdf)<\/p>\n<p><span style=\"text-decoration: underline; color: #3366ff;\"><em><a style=\"color: #3366ff; text-decoration: underline;\" href=\"https:\/\/dom-glina.hr\/wp-content\/uploads\/2021\/01\/Izvjesce-o-provedbi-Zakona-o-pravu-na-pristup-informacijama-za-2020-godinu.csv\">Izvjesce o provedbi Zakona o pravu na pristup informacijama za 2020<\/a><\/em><\/span>&nbsp;(pdf)<\/p>\n<p><span style=\"text-decoration: underline; color: #3366ff;\"><em><a style=\"color: #3366ff; text-decoration: underline;\" href=\"http:\/\/dom-glina.hr\/wp-content\/uploads\/2020\/01\/Izvjesce-o-provedbi-Zakona-o-pravu-na-pristup-informacijama-za-2019.pdf\" target=\"_blank\" rel=\"noopener\">Izvjesce o provedbi Zakona o pravu na pristup informacijama za 2019<\/a><\/em><\/span>&nbsp;(pdf)<\/p>\n<p><span style=\"text-decoration: underline; color: #3366ff;\"><em><a style=\"color: #3366ff; text-decoration: underline;\" href=\"http:\/\/dom-glina.hr\/wp-content\/uploads\/2020\/01\/Izvjesce-o-provedbi-Zakona-o-pravu-na-pristup-informacijama-za-2019.csv\" target=\"_blank\" rel=\"noopener\">Izvjesce o provedbi Zakona o pravu na pristup informacijama za 2019<\/a><\/em><\/span>&nbsp;(csv)<\/p>\n<p><span style=\"text-decoration: underline; color: #3366ff;\"><em><a style=\"color: #3366ff; text-decoration: underline;\" href=\"http:\/\/dom-glina.hr\/wp-content\/uploads\/2019\/01\/Izvjesce-o-provedbi-Zakona-o-pravu-na-pristup-informacijama-za-2018.pdf\" target=\"_blank\" rel=\"noopener\">Izvjesce o provedbi Zakona o pravu na pristup informacijama za 2018<\/a><\/em><\/span>&nbsp;(pdf)<\/p>\n<p>&nbsp;<\/p>\n<p>SLU\u017dBENIK ZA ZA\u0160TITU OSOBNIH PODATAKA<\/p>\n<p><span style=\"color: #3366ff;\"><em><span style=\"text-decoration: underline;\"><a style=\"color: #3366ff; text-decoration: underline;\" href=\"http:\/\/dom-glina.hr\/wp-content\/uploads\/2019\/01\/Odluka-o-imenovanju-sluzbenika-za-zastitu-osobnih-podataka.pdf\" target=\"_blank\" rel=\"noopener\">Odluka o imenovanju sluzbenika za zastitu osobnih podataka<\/a><\/span><\/em><\/span>&nbsp;(pdf)<\/p>\n<ul>\n<li>ime i prezime: MATEJ MAJCEK<\/li>\n<li>broj telefona: 099\/459-7539<\/li>\n<li>e.mail: racunovodstvo@glina.hr<\/li>\n<\/ul>\n<p>&nbsp;<\/p>\n<p>Upitnik za samoprocjenu Tijela javne vlasti sukladno Zakonu o pravi na pristup informacija:<\/p>\n<p><span style=\"text-decoration: underline; color: #3366ff;\"><em><a style=\"color: #3366ff; text-decoration: underline;\" href=\"https:\/\/dom-glina.hr\/wp-content\/uploads\/2023\/11\/UPITNIK-ZA-SAMOPROCJENU-DOM-GLINA_2023.xls\">UPITNIK ZA SAMOPROCJENU-DOM GLINA_2023<\/a>&nbsp;<\/em><\/span>(xls)<\/p>\n<p>&nbsp;<\/p>\n<p>&nbsp;<\/p>\n","protected":false},"excerpt":{"rendered":"<p>Pristup informacijama Doma za starije osobe Glina Sloboda informiranja odnosno pravo na pristup informacijama jedno je od temeljnih ljudskih prava zajam\u010deno Ustavom Republike Hrvatske, a obuhva\u0107a pravo korisnika na tra\u017eenje i dobivanje informacije, kao i obvezu tijela javne vlasti da omogu\u0107i pristup zatra\u017eenoj informaciji te da objavljuje informaciju neovisno o postavljenom zahtjevu kada takvo objavljivanje&hellip;<\/p>\n","protected":false},"author":1,"featured_media":0,"parent":0,"menu_order":4,"comment_status":"closed","ping_status":"closed","template":"","meta":{"_monsterinsights_skip_tracking":false,"_monsterinsights_sitenote_active":false,"_monsterinsights_sitenote_note":"","_monsterinsights_sitenote_category":0,"ngg_post_thumbnail":0,"footnotes":""},"aioseo_notices":[],"_links":{"self":[{"href":"https:\/\/dom-glina.hr\/index.php?rest_route=\/wp\/v2\/pages\/96"}],"collection":[{"href":"https:\/\/dom-glina.hr\/index.php?rest_route=\/wp\/v2\/pages"}],"about":[{"href":"https:\/\/dom-glina.hr\/index.php?rest_route=\/wp\/v2\/types\/page"}],"author":[{"embeddable":true,"href":"https:\/\/dom-glina.hr\/index.php?rest_route=\/wp\/v2\/users\/1"}],"replies":[{"embeddable":true,"href":"https:\/\/dom-glina.hr\/index.php?rest_route=%2Fwp%2Fv2%2Fcomments&post=96"}],"version-history":[{"count":23,"href":"https:\/\/dom-glina.hr\/index.php?rest_route=\/wp\/v2\/pages\/96\/revisions"}],"predecessor-version":[{"id":7715,"href":"https:\/\/dom-glina.hr\/index.php?rest_route=\/wp\/v2\/pages\/96\/revisions\/7715"}],"wp:attachment":[{"href":"https:\/\/dom-glina.hr\/index.php?rest_route=%2Fwp%2Fv2%2Fmedia&parent=96"}],"curies":[{"name":"wp","href":"https:\/\/api.w.org\/{rel}","templated":true}]}}