{"id":956,"date":"2018-05-02T12:51:34","date_gmt":"2018-05-02T10:51:34","guid":{"rendered":"http:\/\/dom-glina.hr\/?page_id=956"},"modified":"2025-09-12T18:16:48","modified_gmt":"2025-09-12T16:16:48","slug":"dokumentacija","status":"publish","type":"page","link":"https:\/\/dom-glina.hr\/?page_id=956","title":{"rendered":"Dokumentacija"},"content":{"rendered":"<p>&nbsp;<\/p>\n<p><strong>Dokumentacija za smje\u0161taj u Dom za starije osobe Glina<\/strong><\/p>\n<p><span style=\"text-decoration: underline; color: #3366ff;\"><em><a style=\"color: #3366ff; text-decoration: underline;\" href=\"https:\/\/dom-glina.hr\/wp-content\/uploads\/2025\/01\/ZAHTJEV-ZA-SMJESTAJ-U-DOM-Prilog-1.docx\">ZAHTJEV ZA SMJESTAJ U DOM &#8211; Prilog 1<\/a><\/em><\/span>&nbsp;(docx)<br \/>\n<a href=\"https:\/\/dom-glina.hr\/wp-content\/uploads\/2025\/01\/ZAHTJEV-ZA-SMJESTAJ-U-DOM-Prilog-1.pdf\"><span style=\"text-decoration: underline; color: #3366ff;\"><em>ZAHTJEV ZA SMJESTAJ U DOM &#8211; Prilog 1<\/em><\/span><\/a>&nbsp;(pdf)<\/p>\n<p><span style=\"text-decoration: underline; color: #3366ff;\"><em><a style=\"color: #3366ff; text-decoration: underline;\" href=\"https:\/\/dom-glina.hr\/wp-content\/uploads\/2023\/12\/PRILOG-2-Izjava-obveznika-placanja.docx\">PRILOG 2 &#8211; Izjava obveznika placanja<\/a><\/em><\/span>&nbsp;(docx)<br \/>\n<span style=\"text-decoration: underline; color: #3366ff;\"><em><a style=\"color: #3366ff; text-decoration: underline;\" href=\"https:\/\/dom-glina.hr\/wp-content\/uploads\/2024\/01\/PRILOG-2-Izjava-obveznika-placanja.pdf\">PRILOG 2 &#8211; Izjava obveznika placanja<\/a><\/em><\/span>&nbsp;(pdf)<\/p>\n<p>&nbsp;<\/p>\n<p><em><strong>Lije\u010dni\u010dka potvrda za smje\u0161taj u Dom Glina<\/strong><\/em><\/p>\n<p><a href=\"https:\/\/dom-glina.hr\/wp-content\/uploads\/2022\/04\/Lijecnicka-potvrda-za-prijem-Dom-Glina.docx\"><span style=\"text-decoration: underline; color: #3366ff;\"><em>Lijecnicka potvrda za prijem Dom Glina<\/em><\/span><\/a>&nbsp;(docx)&nbsp;<br \/>\n<span style=\"text-decoration: underline; color: #3366ff;\"><em><a style=\"color: #3366ff; text-decoration: underline;\" href=\"https:\/\/dom-glina.hr\/wp-content\/uploads\/2022\/04\/Lijecnicka-potvrda-za-prijem-Dom-Glina.pdf\">Lijecnicka potvrda za prijem Dom Glina<\/a><\/em><\/span>&nbsp;(pdf)<\/p>\n<p>&nbsp;<\/p>\n<p><em><strong>Zahtjev za usluge pomo\u0107i u ku\u0107i<\/strong><\/em><\/p>\n<p><span style=\"text-decoration: underline; color: #3366ff;\"><em><a style=\"color: #3366ff; text-decoration: underline;\" href=\"https:\/\/dom-glina.hr\/wp-content\/uploads\/2024\/01\/ZAHTJEV-pomoc-u-kuci.docx\">ZAHTJEV &#8211; pomoc u kuci<\/a><\/em><\/span>&nbsp;(docx)<br \/>\n<span style=\"text-decoration: underline; color: #3366ff;\"><em><a style=\"color: #3366ff; text-decoration: underline;\" href=\"https:\/\/dom-glina.hr\/wp-content\/uploads\/2024\/01\/ZAHTJEV-pomoc-u-kuci.pdf\">ZAHTJEV &#8211; pomoc u kuci<\/a><\/em><\/span>&nbsp;(pdf)<\/p>\n<p><strong><br \/>\nLije\u010dni\u010dka potvrda za pomo\u0107 u ku\u0107i<\/strong><\/p>\n<p><span style=\"text-decoration: underline; color: #3366ff;\"><em><a style=\"color: #3366ff; text-decoration: underline;\" href=\"https:\/\/dom-glina.hr\/wp-content\/uploads\/2024\/01\/Lijecnicka-potvrda-pomoc_u_kuci.docx\">Lijecnicka-potvrda-pomoc_u_kuci<\/a><\/em><\/span>&nbsp;(docx)<br \/>\n<span style=\"text-decoration: underline; color: #3366ff;\"><em><a style=\"color: #3366ff; text-decoration: underline;\" href=\"https:\/\/dom-glina.hr\/wp-content\/uploads\/2024\/01\/Lijecnicka-potvrda-pomoc_u_kuci.pdf\">Lijecnicka-potvrda-pomoc_u_kuci<\/a><\/em><\/span>&nbsp;(pdf)<\/p>\n<p><strong><br \/>\nPrivola za kori\u0161tenje osobnih podataka<\/strong><\/p>\n<p><a href=\"https:\/\/dom-glina.hr\/wp-content\/uploads\/2025\/01\/Privola-za-koristenje-osobnih-podataka-Prilog-4.docx\"><span style=\"text-decoration: underline; color: #3366ff;\"><em>Privola za koristenje osobnih podataka &#8211; Prilog 4<\/em><\/span><\/a>&nbsp;(docx)<br \/>\n<a href=\"https:\/\/dom-glina.hr\/wp-content\/uploads\/2025\/01\/Privola-za-koristenje-osobnih-podataka-Prilog-4.pdf\"><span style=\"text-decoration: underline; color: #3366ff;\"><em>Privola za koristenje osobnih podataka &#8211; Prilog 4<\/em><\/span><\/a>&nbsp;(pdf)<\/p>\n<p>&nbsp;<\/p>\n<p><strong>Zahtjev za uslugu poludnevni boravak<\/strong><\/p>\n<p><a href=\"https:\/\/dom-glina.hr\/wp-content\/uploads\/2025\/09\/ZAHTJEV-poludnevni-boravak.docx\"><span style=\"text-decoration: underline; color: #3366ff;\"><em>ZAHTJEV &#8211; poludnevni boravak<\/em><\/span><\/a>&nbsp;(docx)<\/p>\n<p><a href=\"https:\/\/dom-glina.hr\/wp-content\/uploads\/2025\/09\/ZAHTJEV-poludnevni-boravak.pdf\"><span style=\"text-decoration: underline; color: #3366ff;\"><em>ZAHTJEV &#8211; poludnevni boravak<\/em><\/span><\/a>&nbsp;(pdf)<\/p>\n<p><strong>Lije\u010dni\u010dka potvrda za poludnevni boravak<\/strong><\/p>\n<p><a href=\"https:\/\/dom-glina.hr\/wp-content\/uploads\/2025\/09\/POLUDNEVNI-BORAVAK-Lijecnicka-potvrda.docx\"><span style=\"text-decoration: underline; color: #3366ff;\"><em>POLUDNEVNI BORAVAK &#8211; Lijecnicka potvrda<\/em><\/span><\/a>&nbsp;(docx)<\/p>\n<p><a href=\"https:\/\/dom-glina.hr\/wp-content\/uploads\/2025\/09\/POLUDNEVNI-BORAVAK-Lijecnicka-potvrda.pdf\"><span style=\"text-decoration: underline; color: #3366ff;\"><em>POLUDNEVNI BORAVAK &#8211; Lijecnicka potvrda<\/em><\/span><\/a>&nbsp;(pdf)<\/p>\n<p>&nbsp;<\/p>\n<p>&nbsp;<\/p>\n","protected":false},"excerpt":{"rendered":"<p>&nbsp; Dokumentacija za smje\u0161taj u Dom za starije osobe Glina ZAHTJEV ZA SMJESTAJ U DOM &#8211; Prilog 1&nbsp;(docx) ZAHTJEV ZA SMJESTAJ U DOM &#8211; Prilog 1&nbsp;(pdf) PRILOG 2 &#8211; Izjava obveznika placanja&nbsp;(docx) PRILOG 2 &#8211; Izjava obveznika placanja&nbsp;(pdf) &nbsp; Lije\u010dni\u010dka potvrda za smje\u0161taj u Dom Glina Lijecnicka potvrda za prijem Dom Glina&nbsp;(docx)&nbsp; Lijecnicka potvrda za&hellip;<\/p>\n","protected":false},"author":1,"featured_media":0,"parent":96,"menu_order":41,"comment_status":"closed","ping_status":"closed","template":"","meta":{"_monsterinsights_skip_tracking":false,"_monsterinsights_sitenote_active":false,"_monsterinsights_sitenote_note":"","_monsterinsights_sitenote_category":0,"ngg_post_thumbnail":0,"footnotes":""},"aioseo_notices":[],"_links":{"self":[{"href":"https:\/\/dom-glina.hr\/index.php?rest_route=\/wp\/v2\/pages\/956"}],"collection":[{"href":"https:\/\/dom-glina.hr\/index.php?rest_route=\/wp\/v2\/pages"}],"about":[{"href":"https:\/\/dom-glina.hr\/index.php?rest_route=\/wp\/v2\/types\/page"}],"author":[{"embeddable":true,"href":"https:\/\/dom-glina.hr\/index.php?rest_route=\/wp\/v2\/users\/1"}],"replies":[{"embeddable":true,"href":"https:\/\/dom-glina.hr\/index.php?rest_route=%2Fwp%2Fv2%2Fcomments&post=956"}],"version-history":[{"count":19,"href":"https:\/\/dom-glina.hr\/index.php?rest_route=\/wp\/v2\/pages\/956\/revisions"}],"predecessor-version":[{"id":7556,"href":"https:\/\/dom-glina.hr\/index.php?rest_route=\/wp\/v2\/pages\/956\/revisions\/7556"}],"up":[{"embeddable":true,"href":"https:\/\/dom-glina.hr\/index.php?rest_route=\/wp\/v2\/pages\/96"}],"wp:attachment":[{"href":"https:\/\/dom-glina.hr\/index.php?rest_route=%2Fwp%2Fv2%2Fmedia&parent=956"}],"curies":[{"name":"wp","href":"https:\/\/api.w.org\/{rel}","templated":true}]}}