{"id":91,"date":"2018-04-23T13:01:16","date_gmt":"2018-04-23T11:01:16","guid":{"rendered":"http:\/\/dom-glina.hr\/?page_id=91"},"modified":"2022-09-13T18:16:59","modified_gmt":"2022-09-13T16:16:59","slug":"organizacija","status":"publish","type":"page","link":"https:\/\/dom-glina.hr\/?page_id=91","title":{"rendered":"Organizacija"},"content":{"rendered":"<p style=\"text-align: justify;\">Ustroj Doma, organizacija rada, dnevni raspored rada, organizacijski oblici rada, me\u0111usobni odnosi izme\u0111u pojedinih organizacijskih jedinica i druga pitanja organizacije rada u Domu ure\u0111uju se op\u0107im aktom.<\/p>\n<p style=\"text-align: justify;\">Radi obavljanja djelatnosti Doma organiziraju se sljede\u0107e organizacijske jedinice:<\/p>\n<ul style=\"text-align: justify;\">\n<li>Odjel njege i brige o zdravlju,<\/li>\n<li>Odjel pomo\u0107no-tehni\u010dkih poslova<\/li>\n<\/ul>\n<p style=\"text-align: justify;\">Radi u\u010dinkovitog obavljanja poslova Doma Pravilnikom o unutarnjem ustrojstvu Doma mogu se ustrojiti i druge organizacijske jedinice.<\/p>\n<p style=\"text-align: justify;\"><strong><em>Tijela Doma su:<\/em><\/strong><\/p>\n<ul style=\"text-align: justify;\">\n<li>Upravno vije\u0107e<\/li>\n<li>Ravnatelj<\/li>\n<li>Stru\u010dno vije\u0107e<\/li>\n<\/ul>\n<p style=\"text-align: justify;\">&nbsp;<\/p>\n<p style=\"text-align: justify;\"><em><strong>Upravno vije\u0107e<\/strong><\/em><\/p>\n<p style=\"text-align: justify;\">Domom upravlja Upravno vije\u0107e. Upravno vije\u0107e \u010dine tri predstavnika Osniva\u010da, jedan predstavnik radnika zaposlen u Domu i jedan predstavnik korisnika Doma ili skrbnik korisnika.<br \/>\n\u010clanove Upravnog vije\u0107a, predstavnike Osniva\u010da i korisnika, imenuje Osniva\u010d na mandat od \u010detiri godine.<br \/>\n\u010clana Upravnog vije\u0107a ispred radnika zaposlenih u Dom imenuje radni\u010dko vije\u0107e, a ako ono nije utemeljeno, predstavnika radnika biraju radnici na slobodnim i neposrednim izborima, tajnim glasovanjem, sukladno posebnom propisu.<br \/>\nPredstavnika korisnika Doma ili skrbnika korisnika, predla\u017eu korisnici Doma, ve\u0107inom glasova sudionika skupa korisnika.<br \/>\nPredsjednika i zamjenika predsjednika Upravnog vije\u0107a biraju \u010dlanovi Upravnog vije\u0107a izme\u0111u predstavnika Osniva\u010da.<\/p>\n<p style=\"text-align: justify;\"><em><strong>Ravnatelj<\/strong><\/em><\/p>\n<p style=\"text-align: justify;\">Ravnatelj je voditelj Doma. Ravnatelj organizira i vodi poslovanje i stru\u010dni rad Doma, predstavlja i zastupa Dom i&nbsp;&nbsp; odgovoran je za zakonitost rada Doma.<\/p>\n<p style=\"text-align: justify;\"><strong><em>Stru\u010dno vije\u0107e<\/em><\/strong><\/p>\n<p style=\"text-align: justify;\">Dom ima Stru\u010dno vije\u0107e. Stru\u010dno vije\u0107e \u010dine svi stru\u010dni radnici Doma. Stru\u010dno vije\u0107e radi na sjednicama, koje saziva i kojima predsjedava predsjednik Stru\u010dnog vije\u0107a.<\/p>\n<p style=\"text-align: justify;\">Stru\u010dno vije\u0107e donosi Poslovnik o svom radu kojim se ure\u0111uje na\u010din izbora predsjednika i zamjenika predsjednika te na\u010din rada i dono\u0161enja odluka.<\/p>\n<p style=\"text-align: justify;\">Stru\u010dno vije\u0107e raspravlja i daje ravnatelju i Upravnom vije\u0107u Doma mi\u0161ljenje i prijedloge o:<\/p>\n<ul style=\"text-align: justify;\">\n<li>stru\u010dnim pitanjima koja se odnose na djelatnost Doma,<\/li>\n<li>ustroju Doma,<\/li>\n<li>utvr\u0111ivanju programa stru\u010dnog rada Doma,<\/li>\n<li>potrebi stru\u010dnog usavr\u0161avanja stru\u010dnih radnika Doma i<\/li>\n<li>drugim stru\u010dnim pitanjima vezanim uz rad Doma.<\/li>\n<\/ul>\n<p style=\"text-align: justify;\">Predsjednik Stru\u010dnog vije\u0107a du\u017ean je sudjelovati u radu Upravnog vije\u0107a bez prava glasa kada se raspravlja o poslovima iz stavka 1. ovog \u010dlanka.<\/p>\n<p><a href=\"https:\/\/dom-glina.hr\/wp-content\/uploads\/2022\/09\/Statut-Doma-za-starije-osobe-Glina.pdf\" target=\"_blank\" rel=\"noopener\"><span style=\"text-decoration: underline; color: #3366ff;\"><em>Statut Doma za starije osobe Glina<\/em><\/span><\/a> (pdf)<\/p>\n","protected":false},"excerpt":{"rendered":"<p>Ustroj Doma, organizacija rada, dnevni raspored rada, organizacijski oblici rada, me\u0111usobni odnosi izme\u0111u pojedinih organizacijskih jedinica i druga pitanja organizacije rada u Domu ure\u0111uju se op\u0107im aktom. Radi obavljanja djelatnosti Doma organiziraju se sljede\u0107e organizacijske jedinice: Odjel njege i brige o zdravlju, Odjel pomo\u0107no-tehni\u010dkih poslova Radi u\u010dinkovitog obavljanja poslova Doma Pravilnikom o unutarnjem ustrojstvu Doma&hellip;<\/p>\n","protected":false},"author":1,"featured_media":0,"parent":0,"menu_order":3,"comment_status":"closed","ping_status":"closed","template":"","meta":{"_monsterinsights_skip_tracking":false,"_monsterinsights_sitenote_active":false,"_monsterinsights_sitenote_note":"","_monsterinsights_sitenote_category":0,"ngg_post_thumbnail":0,"footnotes":""},"aioseo_notices":[],"_links":{"self":[{"href":"https:\/\/dom-glina.hr\/index.php?rest_route=\/wp\/v2\/pages\/91"}],"collection":[{"href":"https:\/\/dom-glina.hr\/index.php?rest_route=\/wp\/v2\/pages"}],"about":[{"href":"https:\/\/dom-glina.hr\/index.php?rest_route=\/wp\/v2\/types\/page"}],"author":[{"embeddable":true,"href":"https:\/\/dom-glina.hr\/index.php?rest_route=\/wp\/v2\/users\/1"}],"replies":[{"embeddable":true,"href":"https:\/\/dom-glina.hr\/index.php?rest_route=%2Fwp%2Fv2%2Fcomments&post=91"}],"version-history":[{"count":4,"href":"https:\/\/dom-glina.hr\/index.php?rest_route=\/wp\/v2\/pages\/91\/revisions"}],"predecessor-version":[{"id":5916,"href":"https:\/\/dom-glina.hr\/index.php?rest_route=\/wp\/v2\/pages\/91\/revisions\/5916"}],"wp:attachment":[{"href":"https:\/\/dom-glina.hr\/index.php?rest_route=%2Fwp%2Fv2%2Fmedia&parent=91"}],"curies":[{"name":"wp","href":"https:\/\/api.w.org\/{rel}","templated":true}]}}