{"id":89,"date":"2018-04-23T12:57:26","date_gmt":"2018-04-23T10:57:26","guid":{"rendered":"http:\/\/dom-glina.hr\/?page_id=89"},"modified":"2018-04-28T15:28:19","modified_gmt":"2018-04-28T13:28:19","slug":"djelatnost","status":"publish","type":"page","link":"https:\/\/dom-glina.hr\/?page_id=89","title":{"rendered":"Djelatnost"},"content":{"rendered":"<p style=\"text-align: justify;\">Dom posluje i obavlja svoju djelatnost samostalno u skladu i na na\u010din odre\u0111en Zakonom o socijalnoj skrbi, Zakonom o ustanovama i drugim propisima, aktom o osnivanju, Statutom i drugim op\u0107im aktima Doma te pravilima struke.<\/p>\n<p style=\"text-align: justify;\">Djelatnost Doma je pru\u017eanje socijalnih usluga starijim i te\u0161ko bolesnim odraslim osobama i to:<\/p>\n<ul style=\"text-align: justify;\">\n<li>usluge smje\u0161taja,<\/li>\n<li>usluge poludnevnog boravka,<\/li>\n<li>usluge cjelodnevnog boravka,<\/li>\n<li>usluge pomo\u0107i u ku\u0107i,<\/li>\n<li>usluge organiziranog stanovanja u stambenim jedinicama.<\/li>\n<\/ul>\n<p style=\"text-align: justify;\">Pored navedenih djelatnosti, Dom mo\u017ee obavljati i druge djelatnosti koje slu\u017ebe obavljanju navedenih djelatnosti, ako se one u manjem opsegu ili uobi\u010dajeno obavljaju uz djelatnost upisanu u sudski registar.<\/p>\n<p style=\"text-align: justify;\">Korisnici<\/p>\n<p style=\"text-align: justify;\">Korisnici Doma su starije i te\u0161ko bolesne odrasle osobe kojima Dom pru\u017ea usluge navedene u \u010dlanku 7. ovog Statuta.<\/p>\n<p style=\"text-align: justify;\">\u017divot i rad korisnika u Domu organizira se u skladu s na\u010delima rada u ustanovama socijalne skrbi.<\/p>\n<p style=\"text-align: justify;\">O prijamu korisnika, redosljedu prijama i otpustu korisnika odlu\u010duje Komisija za prijam i otpust korisnika koju imenuje Upravno vije\u0107e sukladno op\u0107im aktima Doma.<\/p>\n<p style=\"text-align: justify;\">Komisiju \u010dine: socijalni radnik Doma, socijalni radnik Centra za socijalnu skrb, radni terapeut Doma, lije\u010dnik primarne zdravstvene za\u0161tite i glavna medicinska sestra Doma.<\/p>\n<p style=\"text-align: justify;\">Me\u0111usobna prava i obveze izme\u0111u korisnika i Doma kao i prijam i otpust korisnika regulira se na na\u010din propisan zakonom, drugim propisima, op\u0107im aktom Doma, te ugovorom o smje\u0161taju.<\/p>\n","protected":false},"excerpt":{"rendered":"<p>Dom posluje i obavlja svoju djelatnost samostalno u skladu i na na\u010din odre\u0111en Zakonom o socijalnoj skrbi, Zakonom o ustanovama i drugim propisima, aktom o osnivanju, Statutom i drugim op\u0107im aktima Doma te pravilima struke. Djelatnost Doma je pru\u017eanje socijalnih usluga starijim i te\u0161ko bolesnim odraslim osobama i to: usluge smje\u0161taja, usluge poludnevnog boravka, usluge&hellip;<\/p>\n","protected":false},"author":1,"featured_media":0,"parent":0,"menu_order":2,"comment_status":"closed","ping_status":"closed","template":"","meta":{"_monsterinsights_skip_tracking":false,"_monsterinsights_sitenote_active":false,"_monsterinsights_sitenote_note":"","_monsterinsights_sitenote_category":0,"ngg_post_thumbnail":0,"footnotes":""},"aioseo_notices":[],"_links":{"self":[{"href":"https:\/\/dom-glina.hr\/index.php?rest_route=\/wp\/v2\/pages\/89"}],"collection":[{"href":"https:\/\/dom-glina.hr\/index.php?rest_route=\/wp\/v2\/pages"}],"about":[{"href":"https:\/\/dom-glina.hr\/index.php?rest_route=\/wp\/v2\/types\/page"}],"author":[{"embeddable":true,"href":"https:\/\/dom-glina.hr\/index.php?rest_route=\/wp\/v2\/users\/1"}],"replies":[{"embeddable":true,"href":"https:\/\/dom-glina.hr\/index.php?rest_route=%2Fwp%2Fv2%2Fcomments&post=89"}],"version-history":[{"count":2,"href":"https:\/\/dom-glina.hr\/index.php?rest_route=\/wp\/v2\/pages\/89\/revisions"}],"predecessor-version":[{"id":862,"href":"https:\/\/dom-glina.hr\/index.php?rest_route=\/wp\/v2\/pages\/89\/revisions\/862"}],"wp:attachment":[{"href":"https:\/\/dom-glina.hr\/index.php?rest_route=%2Fwp%2Fv2%2Fmedia&parent=89"}],"curies":[{"name":"wp","href":"https:\/\/api.w.org\/{rel}","templated":true}]}}