{"id":87,"date":"2018-04-23T12:53:59","date_gmt":"2018-04-23T10:53:59","guid":{"rendered":"http:\/\/dom-glina.hr\/?page_id=87"},"modified":"2020-11-17T07:33:33","modified_gmt":"2020-11-17T06:33:33","slug":"o-nama","status":"publish","type":"page","link":"https:\/\/dom-glina.hr\/?page_id=87","title":{"rendered":"O nama"},"content":{"rendered":"<p><img loading=\"lazy\" decoding=\"async\" class=\"alignnone wp-image-4722 size-large\" src=\"http:\/\/dom-glina.hr\/wp-content\/uploads\/2020\/11\/o-nama-1024x288.jpg\" alt=\"O nama - Dom Glina\" width=\"1024\" height=\"288\" srcset=\"https:\/\/dom-glina.hr\/wp-content\/uploads\/2020\/11\/o-nama.jpg 1024w, https:\/\/dom-glina.hr\/wp-content\/uploads\/2020\/11\/o-nama-300x84.jpg 300w, https:\/\/dom-glina.hr\/wp-content\/uploads\/2020\/11\/o-nama-768x216.jpg 768w\" sizes=\"(max-width: 1024px) 100vw, 1024px\" \/><\/p>\n<p style=\"text-align: left;\">Dom za starije i nemo\u0107ne osobe Glina je javna ustanova za pru\u017eanje socijalnih usluga starijim i te\u0161ko bolesnim odraslim osobama.<\/p>\n<p style=\"text-align: left;\">Osnovan je Odlukom \u017dupanijske skup\u0161tine Sisa\u010dko-moslava\u010dke \u017eupanije na 19. sjednici odr\u017eanoj 13. listopada 2016. godine (\u201eSlu\u017ebeni glasnik Sisa\u010dko-moslava\u010dke \u017eupanije\u201c, broj 27\/16). Osniva\u010dka prava nad Domom ima Sisa\u010dko-moslava\u010dka \u017eupanija.<\/p>\n<p style=\"text-align: left;\">Dom je pravna osoba upisana u registar trgova\u010dkog suda i u upisnik ustanova socijalne skrbi koji vodi ministarstvo nadle\u017eno za poslove socijalne skrbi.<\/p>\n<p style=\"text-align: left;\">Dom obavlja svoju djelatnost, posluje i sudjeluje u pravnom prometu pod nazivom: Dom za starije osobe Glina. Sjedi\u0161te Doma je u Glini, Trg hrvatskih branitelja 2.<\/p>\n<p style=\"text-align: left;\">Starost, to zlatno doba \u017eivota, doba je mudrosti, \u017eivotnog iskustva, znanja i vje\u0161tina koje trebaju biti prenesene na mlade nara\u0161taje radi napretka i boljitka dru\u0161tva u kojem \u017eivimo. \u017divot tada poprima nove duhovne dimenzije, otvaraju se novi vidici i novi pogledi na \u017eivot. To je vrijeme u kojem trebamo u\u017eivati u plodovima koje nam je podario \u017eivot. Svako razdoblje \u017eivota u sebi krije pregr\u0161t lijepih trenutaka, a starost je vrijeme prilagodbe na nove uvjete i druga\u010diji tempo \u017eivota. Va\u017eno je ostati aktivan i u tre\u0107oj \u017eivotnoj dobi, dru\u017eiti se s ljudima istih interesa i nastojati organizirati svoj \u017eivot kako bi se \u0161to dulje ostalo vitalnim. Starost je zlatno doba gdje pobje\u0111uje samo onaj koji ne odustaje od sebe! Upravo takvim pristupom i vo\u0111eni takvom filozofijom, organizirali smo \u017eivot osobama tre\u0107e \u017eivotne dobi u glinskom Domu.<\/p>\n<p style=\"text-align: left;\">Glina je gradi\u0107 idili\u010dnog \u0161arma, poznata je i kao \u201cGrad hrvatske himne\u201d zbog \u010dinjenice da je Josip Runjanin u Glini skladao himnu. Grad Glina nudi uvod u jednu sasvim novu, aktivnu i uzbudljivu tre\u0107u \u017eivotnu dob. U na\u0161em Domu ne\u0107ete samo boraviti, \u017eivjet \u0107ete \u017eivot punim plu\u0107ima, osloba\u0111aju\u0107i u sebi dugo zatomljivanu kreativnost i \u017eelju da se posvetite svim onim stvarima za koje u radnom dobu niste imali dovoljno vremena. U Glini mo\u017eete biti dio svih onih njegovih atraktivnih manifestacija, u\u017eivati u njegovim bogatim povijesnim znamenitostima, otkrivati nove krajolike i upoznavati se s jedinstvenim banijskim gastro okusima. Na raspolaganju su jednokrevetne, dvokrevetne i trokrevetne sobe funkcionalno i ergonomski opremljene. Okolne, vanjske povr\u0161ine ukusno su hortikulturalno ure\u0111ene s dra\u017eesnim sjenicama koje \u0107e postati omiljeno mjesto Va\u0161eg zajedni\u010dkog dru\u017eenja. Ukupni kapacitet doma je 79 korisnika.<\/p>\n<p style=\"text-align: left;\">Priu\u0161tite si boravak u ovoj jedinstvenoj i modernoj ustanovi te svom \u017eivotu podarite novu dimenziju. I ne zaboravite \u2013 aktivnost zdravog \u010dovjeka nikad ne prestaje, ona samo mijenja svoj oblik!<\/p>\n<p style=\"text-align: left;\">S veseljem Vas o\u010dekujemo!<\/p>\n<p>&nbsp;<\/p>\n<!-- default-view.php -->\n<div\n\tclass=\"ngg-galleryoverview default-view \n\t ngg-ajax-pagination-none\t\"\n\tid=\"ngg-gallery-360593f7e5a82037fd3a7d0caecf9cdf-1\">\n\n\t\t<!-- Thumbnails -->\n\t\t\t\t<div id=\"ngg-image-0\" class=\"ngg-gallery-thumbnail-box \n\t\t\t\t\t\t\t\t\t\t\t\" \n\t\t\t>\n\t\t\t\t\t\t<div class=\"ngg-gallery-thumbnail\">\n\t\t\t<a href=\"https:\/\/dom-glina.hr\/wp-content\/gallery\/dom-za-starije-osobe-glina\/3.jpg\"\n\t\t\t\ttitle=\"\"\n\t\t\t\tdata-src=\"https:\/\/dom-glina.hr\/wp-content\/gallery\/dom-za-starije-osobe-glina\/3.jpg\"\n\t\t\t\tdata-thumbnail=\"https:\/\/dom-glina.hr\/wp-content\/gallery\/dom-za-starije-osobe-glina\/thumbs\/thumbs_3.jpg\"\n\t\t\t\tdata-image-id=\"1474\"\n\t\t\t\tdata-title=\"3\"\n\t\t\t\tdata-description=\"\"\n\t\t\t\tdata-image-slug=\"3-3\"\n\t\t\t\tclass=\"ngg-fancybox\" rel=\"360593f7e5a82037fd3a7d0caecf9cdf\">\n\t\t\t\t<img\n\t\t\t\t\ttitle=\"3\"\n\t\t\t\t\talt=\"3\"\n\t\t\t\t\tsrc=\"https:\/\/dom-glina.hr\/wp-content\/gallery\/dom-za-starije-osobe-glina\/thumbs\/thumbs_3.jpg\"\n\t\t\t\t\twidth=\"240\"\n\t\t\t\t\theight=\"160\"\n\t\t\t\t\tstyle=\"max-width:100%;\"\n\t\t\t\t\/>\n\t\t\t<\/a>\n\t\t<\/div>\n\t\t\t\t\t\t\t<\/div> \n\t\t\t\n\t\t\t\t<div id=\"ngg-image-1\" class=\"ngg-gallery-thumbnail-box \n\t\t\t\t\t\t\t\t\t\t\t\" \n\t\t\t>\n\t\t\t\t\t\t<div class=\"ngg-gallery-thumbnail\">\n\t\t\t<a href=\"https:\/\/dom-glina.hr\/wp-content\/gallery\/dom-za-starije-osobe-glina\/5.jpg\"\n\t\t\t\ttitle=\"\"\n\t\t\t\tdata-src=\"https:\/\/dom-glina.hr\/wp-content\/gallery\/dom-za-starije-osobe-glina\/5.jpg\"\n\t\t\t\tdata-thumbnail=\"https:\/\/dom-glina.hr\/wp-content\/gallery\/dom-za-starije-osobe-glina\/thumbs\/thumbs_5.jpg\"\n\t\t\t\tdata-image-id=\"1475\"\n\t\t\t\tdata-title=\"5\"\n\t\t\t\tdata-description=\"\"\n\t\t\t\tdata-image-slug=\"5-3\"\n\t\t\t\tclass=\"ngg-fancybox\" rel=\"360593f7e5a82037fd3a7d0caecf9cdf\">\n\t\t\t\t<img\n\t\t\t\t\ttitle=\"5\"\n\t\t\t\t\talt=\"5\"\n\t\t\t\t\tsrc=\"https:\/\/dom-glina.hr\/wp-content\/gallery\/dom-za-starije-osobe-glina\/thumbs\/thumbs_5.jpg\"\n\t\t\t\t\twidth=\"240\"\n\t\t\t\t\theight=\"160\"\n\t\t\t\t\tstyle=\"max-width:100%;\"\n\t\t\t\t\/>\n\t\t\t<\/a>\n\t\t<\/div>\n\t\t\t\t\t\t\t<\/div> \n\t\t\t\n\t\t\t\t<div id=\"ngg-image-2\" class=\"ngg-gallery-thumbnail-box \n\t\t\t\t\t\t\t\t\t\t\t\" \n\t\t\t>\n\t\t\t\t\t\t<div class=\"ngg-gallery-thumbnail\">\n\t\t\t<a href=\"https:\/\/dom-glina.hr\/wp-content\/gallery\/dom-za-starije-osobe-glina\/1.jpg\"\n\t\t\t\ttitle=\"\"\n\t\t\t\tdata-src=\"https:\/\/dom-glina.hr\/wp-content\/gallery\/dom-za-starije-osobe-glina\/1.jpg\"\n\t\t\t\tdata-thumbnail=\"https:\/\/dom-glina.hr\/wp-content\/gallery\/dom-za-starije-osobe-glina\/thumbs\/thumbs_1.jpg\"\n\t\t\t\tdata-image-id=\"1476\"\n\t\t\t\tdata-title=\"1\"\n\t\t\t\tdata-description=\"\"\n\t\t\t\tdata-image-slug=\"1-3\"\n\t\t\t\tclass=\"ngg-fancybox\" rel=\"360593f7e5a82037fd3a7d0caecf9cdf\">\n\t\t\t\t<img\n\t\t\t\t\ttitle=\"1\"\n\t\t\t\t\talt=\"1\"\n\t\t\t\t\tsrc=\"https:\/\/dom-glina.hr\/wp-content\/gallery\/dom-za-starije-osobe-glina\/thumbs\/thumbs_1.jpg\"\n\t\t\t\t\twidth=\"240\"\n\t\t\t\t\theight=\"160\"\n\t\t\t\t\tstyle=\"max-width:100%;\"\n\t\t\t\t\/>\n\t\t\t<\/a>\n\t\t<\/div>\n\t\t\t\t\t\t\t<\/div> \n\t\t\t\n\t\t\t\t<div id=\"ngg-image-3\" class=\"ngg-gallery-thumbnail-box \n\t\t\t\t\t\t\t\t\t\t\t\" \n\t\t\t>\n\t\t\t\t\t\t<div class=\"ngg-gallery-thumbnail\">\n\t\t\t<a href=\"https:\/\/dom-glina.hr\/wp-content\/gallery\/dom-za-starije-osobe-glina\/4.jpg\"\n\t\t\t\ttitle=\"\"\n\t\t\t\tdata-src=\"https:\/\/dom-glina.hr\/wp-content\/gallery\/dom-za-starije-osobe-glina\/4.jpg\"\n\t\t\t\tdata-thumbnail=\"https:\/\/dom-glina.hr\/wp-content\/gallery\/dom-za-starije-osobe-glina\/thumbs\/thumbs_4.jpg\"\n\t\t\t\tdata-image-id=\"1477\"\n\t\t\t\tdata-title=\"4\"\n\t\t\t\tdata-description=\"\"\n\t\t\t\tdata-image-slug=\"4-3\"\n\t\t\t\tclass=\"ngg-fancybox\" rel=\"360593f7e5a82037fd3a7d0caecf9cdf\">\n\t\t\t\t<img\n\t\t\t\t\ttitle=\"4\"\n\t\t\t\t\talt=\"4\"\n\t\t\t\t\tsrc=\"https:\/\/dom-glina.hr\/wp-content\/gallery\/dom-za-starije-osobe-glina\/thumbs\/thumbs_4.jpg\"\n\t\t\t\t\twidth=\"240\"\n\t\t\t\t\theight=\"160\"\n\t\t\t\t\tstyle=\"max-width:100%;\"\n\t\t\t\t\/>\n\t\t\t<\/a>\n\t\t<\/div>\n\t\t\t\t\t\t\t<\/div> \n\t\t\t\n\t\t\t\t<div id=\"ngg-image-4\" class=\"ngg-gallery-thumbnail-box \n\t\t\t\t\t\t\t\t\t\t\t\" \n\t\t\t>\n\t\t\t\t\t\t<div class=\"ngg-gallery-thumbnail\">\n\t\t\t<a href=\"https:\/\/dom-glina.hr\/wp-content\/gallery\/dom-za-starije-osobe-glina\/6.jpg\"\n\t\t\t\ttitle=\"\"\n\t\t\t\tdata-src=\"https:\/\/dom-glina.hr\/wp-content\/gallery\/dom-za-starije-osobe-glina\/6.jpg\"\n\t\t\t\tdata-thumbnail=\"https:\/\/dom-glina.hr\/wp-content\/gallery\/dom-za-starije-osobe-glina\/thumbs\/thumbs_6.jpg\"\n\t\t\t\tdata-image-id=\"1478\"\n\t\t\t\tdata-title=\"6\"\n\t\t\t\tdata-description=\"\"\n\t\t\t\tdata-image-slug=\"6-3\"\n\t\t\t\tclass=\"ngg-fancybox\" rel=\"360593f7e5a82037fd3a7d0caecf9cdf\">\n\t\t\t\t<img\n\t\t\t\t\ttitle=\"6\"\n\t\t\t\t\talt=\"6\"\n\t\t\t\t\tsrc=\"https:\/\/dom-glina.hr\/wp-content\/gallery\/dom-za-starije-osobe-glina\/thumbs\/thumbs_6.jpg\"\n\t\t\t\t\twidth=\"240\"\n\t\t\t\t\theight=\"160\"\n\t\t\t\t\tstyle=\"max-width:100%;\"\n\t\t\t\t\/>\n\t\t\t<\/a>\n\t\t<\/div>\n\t\t\t\t\t\t\t<\/div> \n\t\t\t\n\t\t\t\t<div id=\"ngg-image-5\" class=\"ngg-gallery-thumbnail-box \n\t\t\t\t\t\t\t\t\t\t\t\" \n\t\t\t>\n\t\t\t\t\t\t<div class=\"ngg-gallery-thumbnail\">\n\t\t\t<a href=\"https:\/\/dom-glina.hr\/wp-content\/gallery\/dom-za-starije-osobe-glina\/2.jpg\"\n\t\t\t\ttitle=\"\"\n\t\t\t\tdata-src=\"https:\/\/dom-glina.hr\/wp-content\/gallery\/dom-za-starije-osobe-glina\/2.jpg\"\n\t\t\t\tdata-thumbnail=\"https:\/\/dom-glina.hr\/wp-content\/gallery\/dom-za-starije-osobe-glina\/thumbs\/thumbs_2.jpg\"\n\t\t\t\tdata-image-id=\"1479\"\n\t\t\t\tdata-title=\"2\"\n\t\t\t\tdata-description=\"\"\n\t\t\t\tdata-image-slug=\"2-3\"\n\t\t\t\tclass=\"ngg-fancybox\" rel=\"360593f7e5a82037fd3a7d0caecf9cdf\">\n\t\t\t\t<img\n\t\t\t\t\ttitle=\"2\"\n\t\t\t\t\talt=\"2\"\n\t\t\t\t\tsrc=\"https:\/\/dom-glina.hr\/wp-content\/gallery\/dom-za-starije-osobe-glina\/thumbs\/thumbs_2.jpg\"\n\t\t\t\t\twidth=\"240\"\n\t\t\t\t\theight=\"160\"\n\t\t\t\t\tstyle=\"max-width:100%;\"\n\t\t\t\t\/>\n\t\t\t<\/a>\n\t\t<\/div>\n\t\t\t\t\t\t\t<\/div> \n\t\t\t\n\t\t\t\t<div id=\"ngg-image-6\" class=\"ngg-gallery-thumbnail-box \n\t\t\t\t\t\t\t\t\t\t\t\" \n\t\t\t>\n\t\t\t\t\t\t<div class=\"ngg-gallery-thumbnail\">\n\t\t\t<a href=\"https:\/\/dom-glina.hr\/wp-content\/gallery\/dom-za-starije-osobe-glina\/8.jpg\"\n\t\t\t\ttitle=\"\"\n\t\t\t\tdata-src=\"https:\/\/dom-glina.hr\/wp-content\/gallery\/dom-za-starije-osobe-glina\/8.jpg\"\n\t\t\t\tdata-thumbnail=\"https:\/\/dom-glina.hr\/wp-content\/gallery\/dom-za-starije-osobe-glina\/thumbs\/thumbs_8.jpg\"\n\t\t\t\tdata-image-id=\"1480\"\n\t\t\t\tdata-title=\"8\"\n\t\t\t\tdata-description=\"\"\n\t\t\t\tdata-image-slug=\"8-1\"\n\t\t\t\tclass=\"ngg-fancybox\" rel=\"360593f7e5a82037fd3a7d0caecf9cdf\">\n\t\t\t\t<img\n\t\t\t\t\ttitle=\"8\"\n\t\t\t\t\talt=\"8\"\n\t\t\t\t\tsrc=\"https:\/\/dom-glina.hr\/wp-content\/gallery\/dom-za-starije-osobe-glina\/thumbs\/thumbs_8.jpg\"\n\t\t\t\t\twidth=\"240\"\n\t\t\t\t\theight=\"160\"\n\t\t\t\t\tstyle=\"max-width:100%;\"\n\t\t\t\t\/>\n\t\t\t<\/a>\n\t\t<\/div>\n\t\t\t\t\t\t\t<\/div> \n\t\t\t\n\t\t\t\t<div id=\"ngg-image-7\" class=\"ngg-gallery-thumbnail-box \n\t\t\t\t\t\t\t\t\t\t\t\" \n\t\t\t>\n\t\t\t\t\t\t<div class=\"ngg-gallery-thumbnail\">\n\t\t\t<a href=\"https:\/\/dom-glina.hr\/wp-content\/gallery\/dom-za-starije-osobe-glina\/7.jpg\"\n\t\t\t\ttitle=\"\"\n\t\t\t\tdata-src=\"https:\/\/dom-glina.hr\/wp-content\/gallery\/dom-za-starije-osobe-glina\/7.jpg\"\n\t\t\t\tdata-thumbnail=\"https:\/\/dom-glina.hr\/wp-content\/gallery\/dom-za-starije-osobe-glina\/thumbs\/thumbs_7.jpg\"\n\t\t\t\tdata-image-id=\"1481\"\n\t\t\t\tdata-title=\"7\"\n\t\t\t\tdata-description=\"\"\n\t\t\t\tdata-image-slug=\"7-4\"\n\t\t\t\tclass=\"ngg-fancybox\" rel=\"360593f7e5a82037fd3a7d0caecf9cdf\">\n\t\t\t\t<img\n\t\t\t\t\ttitle=\"7\"\n\t\t\t\t\talt=\"7\"\n\t\t\t\t\tsrc=\"https:\/\/dom-glina.hr\/wp-content\/gallery\/dom-za-starije-osobe-glina\/thumbs\/thumbs_7.jpg\"\n\t\t\t\t\twidth=\"240\"\n\t\t\t\t\theight=\"160\"\n\t\t\t\t\tstyle=\"max-width:100%;\"\n\t\t\t\t\/>\n\t\t\t<\/a>\n\t\t<\/div>\n\t\t\t\t\t\t\t<\/div> \n\t\t\t\n\t\t\t\t<div id=\"ngg-image-8\" class=\"ngg-gallery-thumbnail-box \n\t\t\t\t\t\t\t\t\t\t\t\" \n\t\t\t>\n\t\t\t\t\t\t<div class=\"ngg-gallery-thumbnail\">\n\t\t\t<a href=\"https:\/\/dom-glina.hr\/wp-content\/gallery\/dom-za-starije-osobe-glina\/11.jpg\"\n\t\t\t\ttitle=\"\"\n\t\t\t\tdata-src=\"https:\/\/dom-glina.hr\/wp-content\/gallery\/dom-za-starije-osobe-glina\/11.jpg\"\n\t\t\t\tdata-thumbnail=\"https:\/\/dom-glina.hr\/wp-content\/gallery\/dom-za-starije-osobe-glina\/thumbs\/thumbs_11.jpg\"\n\t\t\t\tdata-image-id=\"1482\"\n\t\t\t\tdata-title=\"11\"\n\t\t\t\tdata-description=\"\"\n\t\t\t\tdata-image-slug=\"11\"\n\t\t\t\tclass=\"ngg-fancybox\" rel=\"360593f7e5a82037fd3a7d0caecf9cdf\">\n\t\t\t\t<img\n\t\t\t\t\ttitle=\"11\"\n\t\t\t\t\talt=\"11\"\n\t\t\t\t\tsrc=\"https:\/\/dom-glina.hr\/wp-content\/gallery\/dom-za-starije-osobe-glina\/thumbs\/thumbs_11.jpg\"\n\t\t\t\t\twidth=\"240\"\n\t\t\t\t\theight=\"160\"\n\t\t\t\t\tstyle=\"max-width:100%;\"\n\t\t\t\t\/>\n\t\t\t<\/a>\n\t\t<\/div>\n\t\t\t\t\t\t\t<\/div> \n\t\t\t\n\t\t\t\t<div id=\"ngg-image-9\" class=\"ngg-gallery-thumbnail-box \n\t\t\t\t\t\t\t\t\t\t\t\" \n\t\t\t>\n\t\t\t\t\t\t<div class=\"ngg-gallery-thumbnail\">\n\t\t\t<a href=\"https:\/\/dom-glina.hr\/wp-content\/gallery\/dom-za-starije-osobe-glina\/9.jpg\"\n\t\t\t\ttitle=\"\"\n\t\t\t\tdata-src=\"https:\/\/dom-glina.hr\/wp-content\/gallery\/dom-za-starije-osobe-glina\/9.jpg\"\n\t\t\t\tdata-thumbnail=\"https:\/\/dom-glina.hr\/wp-content\/gallery\/dom-za-starije-osobe-glina\/thumbs\/thumbs_9.jpg\"\n\t\t\t\tdata-image-id=\"1483\"\n\t\t\t\tdata-title=\"9\"\n\t\t\t\tdata-description=\"\"\n\t\t\t\tdata-image-slug=\"9\"\n\t\t\t\tclass=\"ngg-fancybox\" rel=\"360593f7e5a82037fd3a7d0caecf9cdf\">\n\t\t\t\t<img\n\t\t\t\t\ttitle=\"9\"\n\t\t\t\t\talt=\"9\"\n\t\t\t\t\tsrc=\"https:\/\/dom-glina.hr\/wp-content\/gallery\/dom-za-starije-osobe-glina\/thumbs\/thumbs_9.jpg\"\n\t\t\t\t\twidth=\"240\"\n\t\t\t\t\theight=\"160\"\n\t\t\t\t\tstyle=\"max-width:100%;\"\n\t\t\t\t\/>\n\t\t\t<\/a>\n\t\t<\/div>\n\t\t\t\t\t\t\t<\/div> \n\t\t\t\n\t\t\t\t<div id=\"ngg-image-10\" class=\"ngg-gallery-thumbnail-box \n\t\t\t\t\t\t\t\t\t\t\t\" \n\t\t\t>\n\t\t\t\t\t\t<div class=\"ngg-gallery-thumbnail\">\n\t\t\t<a href=\"https:\/\/dom-glina.hr\/wp-content\/gallery\/dom-za-starije-osobe-glina\/10.jpg\"\n\t\t\t\ttitle=\"\"\n\t\t\t\tdata-src=\"https:\/\/dom-glina.hr\/wp-content\/gallery\/dom-za-starije-osobe-glina\/10.jpg\"\n\t\t\t\tdata-thumbnail=\"https:\/\/dom-glina.hr\/wp-content\/gallery\/dom-za-starije-osobe-glina\/thumbs\/thumbs_10.jpg\"\n\t\t\t\tdata-image-id=\"1484\"\n\t\t\t\tdata-title=\"10\"\n\t\t\t\tdata-description=\"\"\n\t\t\t\tdata-image-slug=\"10\"\n\t\t\t\tclass=\"ngg-fancybox\" rel=\"360593f7e5a82037fd3a7d0caecf9cdf\">\n\t\t\t\t<img\n\t\t\t\t\ttitle=\"10\"\n\t\t\t\t\talt=\"10\"\n\t\t\t\t\tsrc=\"https:\/\/dom-glina.hr\/wp-content\/gallery\/dom-za-starije-osobe-glina\/thumbs\/thumbs_10.jpg\"\n\t\t\t\t\twidth=\"240\"\n\t\t\t\t\theight=\"160\"\n\t\t\t\t\tstyle=\"max-width:100%;\"\n\t\t\t\t\/>\n\t\t\t<\/a>\n\t\t<\/div>\n\t\t\t\t\t\t\t<\/div> \n\t\t\t\n\t\t\t\t<div id=\"ngg-image-11\" class=\"ngg-gallery-thumbnail-box \n\t\t\t\t\t\t\t\t\t\t\t\" \n\t\t\t>\n\t\t\t\t\t\t<div class=\"ngg-gallery-thumbnail\">\n\t\t\t<a href=\"https:\/\/dom-glina.hr\/wp-content\/gallery\/dom-za-starije-osobe-glina\/12.jpg\"\n\t\t\t\ttitle=\"\"\n\t\t\t\tdata-src=\"https:\/\/dom-glina.hr\/wp-content\/gallery\/dom-za-starije-osobe-glina\/12.jpg\"\n\t\t\t\tdata-thumbnail=\"https:\/\/dom-glina.hr\/wp-content\/gallery\/dom-za-starije-osobe-glina\/thumbs\/thumbs_12.jpg\"\n\t\t\t\tdata-image-id=\"1485\"\n\t\t\t\tdata-title=\"12\"\n\t\t\t\tdata-description=\"\"\n\t\t\t\tdata-image-slug=\"12\"\n\t\t\t\tclass=\"ngg-fancybox\" rel=\"360593f7e5a82037fd3a7d0caecf9cdf\">\n\t\t\t\t<img\n\t\t\t\t\ttitle=\"12\"\n\t\t\t\t\talt=\"12\"\n\t\t\t\t\tsrc=\"https:\/\/dom-glina.hr\/wp-content\/gallery\/dom-za-starije-osobe-glina\/thumbs\/thumbs_12.jpg\"\n\t\t\t\t\twidth=\"240\"\n\t\t\t\t\theight=\"160\"\n\t\t\t\t\tstyle=\"max-width:100%;\"\n\t\t\t\t\/>\n\t\t\t<\/a>\n\t\t<\/div>\n\t\t\t\t\t\t\t<\/div> \n\t\t\t\n\t\t\t\t<div id=\"ngg-image-12\" class=\"ngg-gallery-thumbnail-box \n\t\t\t\t\t\t\t\t\t\t\t\" \n\t\t\t>\n\t\t\t\t\t\t<div class=\"ngg-gallery-thumbnail\">\n\t\t\t<a href=\"https:\/\/dom-glina.hr\/wp-content\/gallery\/dom-za-starije-osobe-glina\/20180411_085440.jpg\"\n\t\t\t\ttitle=\"\"\n\t\t\t\tdata-src=\"https:\/\/dom-glina.hr\/wp-content\/gallery\/dom-za-starije-osobe-glina\/20180411_085440.jpg\"\n\t\t\t\tdata-thumbnail=\"https:\/\/dom-glina.hr\/wp-content\/gallery\/dom-za-starije-osobe-glina\/thumbs\/thumbs_20180411_085440.jpg\"\n\t\t\t\tdata-image-id=\"24\"\n\t\t\t\tdata-title=\"20180411_085440\"\n\t\t\t\tdata-description=\"\"\n\t\t\t\tdata-image-slug=\"20180411_085440\"\n\t\t\t\tclass=\"ngg-fancybox\" rel=\"360593f7e5a82037fd3a7d0caecf9cdf\">\n\t\t\t\t<img\n\t\t\t\t\ttitle=\"20180411_085440\"\n\t\t\t\t\talt=\"20180411_085440\"\n\t\t\t\t\tsrc=\"https:\/\/dom-glina.hr\/wp-content\/gallery\/dom-za-starije-osobe-glina\/thumbs\/thumbs_20180411_085440.jpg\"\n\t\t\t\t\twidth=\"240\"\n\t\t\t\t\theight=\"160\"\n\t\t\t\t\tstyle=\"max-width:100%;\"\n\t\t\t\t\/>\n\t\t\t<\/a>\n\t\t<\/div>\n\t\t\t\t\t\t\t<\/div> \n\t\t\t\n\t\t\t\t<div id=\"ngg-image-13\" class=\"ngg-gallery-thumbnail-box \n\t\t\t\t\t\t\t\t\t\t\t\" \n\t\t\t>\n\t\t\t\t\t\t<div class=\"ngg-gallery-thumbnail\">\n\t\t\t<a href=\"https:\/\/dom-glina.hr\/wp-content\/gallery\/dom-za-starije-osobe-glina\/20180416_083502.jpg\"\n\t\t\t\ttitle=\"\"\n\t\t\t\tdata-src=\"https:\/\/dom-glina.hr\/wp-content\/gallery\/dom-za-starije-osobe-glina\/20180416_083502.jpg\"\n\t\t\t\tdata-thumbnail=\"https:\/\/dom-glina.hr\/wp-content\/gallery\/dom-za-starije-osobe-glina\/thumbs\/thumbs_20180416_083502.jpg\"\n\t\t\t\tdata-image-id=\"35\"\n\t\t\t\tdata-title=\"20180416_083502\"\n\t\t\t\tdata-description=\"\"\n\t\t\t\tdata-image-slug=\"20180416_083502\"\n\t\t\t\tclass=\"ngg-fancybox\" rel=\"360593f7e5a82037fd3a7d0caecf9cdf\">\n\t\t\t\t<img\n\t\t\t\t\ttitle=\"20180416_083502\"\n\t\t\t\t\talt=\"20180416_083502\"\n\t\t\t\t\tsrc=\"https:\/\/dom-glina.hr\/wp-content\/gallery\/dom-za-starije-osobe-glina\/thumbs\/thumbs_20180416_083502.jpg\"\n\t\t\t\t\twidth=\"240\"\n\t\t\t\t\theight=\"160\"\n\t\t\t\t\tstyle=\"max-width:100%;\"\n\t\t\t\t\/>\n\t\t\t<\/a>\n\t\t<\/div>\n\t\t\t\t\t\t\t<\/div> \n\t\t\t\n\t\t\t\t<div id=\"ngg-image-14\" class=\"ngg-gallery-thumbnail-box \n\t\t\t\t\t\t\t\t\t\t\t\" \n\t\t\t>\n\t\t\t\t\t\t<div class=\"ngg-gallery-thumbnail\">\n\t\t\t<a href=\"https:\/\/dom-glina.hr\/wp-content\/gallery\/dom-za-starije-osobe-glina\/20180418_090847.jpg\"\n\t\t\t\ttitle=\"\"\n\t\t\t\tdata-src=\"https:\/\/dom-glina.hr\/wp-content\/gallery\/dom-za-starije-osobe-glina\/20180418_090847.jpg\"\n\t\t\t\tdata-thumbnail=\"https:\/\/dom-glina.hr\/wp-content\/gallery\/dom-za-starije-osobe-glina\/thumbs\/thumbs_20180418_090847.jpg\"\n\t\t\t\tdata-image-id=\"38\"\n\t\t\t\tdata-title=\"20180418_090847\"\n\t\t\t\tdata-description=\"\"\n\t\t\t\tdata-image-slug=\"20180418_090847\"\n\t\t\t\tclass=\"ngg-fancybox\" rel=\"360593f7e5a82037fd3a7d0caecf9cdf\">\n\t\t\t\t<img\n\t\t\t\t\ttitle=\"20180418_090847\"\n\t\t\t\t\talt=\"20180418_090847\"\n\t\t\t\t\tsrc=\"https:\/\/dom-glina.hr\/wp-content\/gallery\/dom-za-starije-osobe-glina\/thumbs\/thumbs_20180418_090847.jpg\"\n\t\t\t\t\twidth=\"240\"\n\t\t\t\t\theight=\"160\"\n\t\t\t\t\tstyle=\"max-width:100%;\"\n\t\t\t\t\/>\n\t\t\t<\/a>\n\t\t<\/div>\n\t\t\t\t\t\t\t<\/div> \n\t\t\t\n\t\t\t\t<div id=\"ngg-image-15\" class=\"ngg-gallery-thumbnail-box \n\t\t\t\t\t\t\t\t\t\t\t\" \n\t\t\t>\n\t\t\t\t\t\t<div class=\"ngg-gallery-thumbnail\">\n\t\t\t<a href=\"https:\/\/dom-glina.hr\/wp-content\/gallery\/dom-za-starije-osobe-glina\/20180416_081638.jpg\"\n\t\t\t\ttitle=\"\"\n\t\t\t\tdata-src=\"https:\/\/dom-glina.hr\/wp-content\/gallery\/dom-za-starije-osobe-glina\/20180416_081638.jpg\"\n\t\t\t\tdata-thumbnail=\"https:\/\/dom-glina.hr\/wp-content\/gallery\/dom-za-starije-osobe-glina\/thumbs\/thumbs_20180416_081638.jpg\"\n\t\t\t\tdata-image-id=\"27\"\n\t\t\t\tdata-title=\"20180416_081638\"\n\t\t\t\tdata-description=\"\"\n\t\t\t\tdata-image-slug=\"20180416_081638\"\n\t\t\t\tclass=\"ngg-fancybox\" rel=\"360593f7e5a82037fd3a7d0caecf9cdf\">\n\t\t\t\t<img\n\t\t\t\t\ttitle=\"20180416_081638\"\n\t\t\t\t\talt=\"20180416_081638\"\n\t\t\t\t\tsrc=\"https:\/\/dom-glina.hr\/wp-content\/gallery\/dom-za-starije-osobe-glina\/thumbs\/thumbs_20180416_081638.jpg\"\n\t\t\t\t\twidth=\"240\"\n\t\t\t\t\theight=\"160\"\n\t\t\t\t\tstyle=\"max-width:100%;\"\n\t\t\t\t\/>\n\t\t\t<\/a>\n\t\t<\/div>\n\t\t\t\t\t\t\t<\/div> \n\t\t\t\n\t\t\t\t<div id=\"ngg-image-16\" class=\"ngg-gallery-thumbnail-box \n\t\t\t\t\t\t\t\t\t\t\t\" \n\t\t\t>\n\t\t\t\t\t\t<div class=\"ngg-gallery-thumbnail\">\n\t\t\t<a href=\"https:\/\/dom-glina.hr\/wp-content\/gallery\/dom-za-starije-osobe-glina\/20180416_081700.jpg\"\n\t\t\t\ttitle=\"\"\n\t\t\t\tdata-src=\"https:\/\/dom-glina.hr\/wp-content\/gallery\/dom-za-starije-osobe-glina\/20180416_081700.jpg\"\n\t\t\t\tdata-thumbnail=\"https:\/\/dom-glina.hr\/wp-content\/gallery\/dom-za-starije-osobe-glina\/thumbs\/thumbs_20180416_081700.jpg\"\n\t\t\t\tdata-image-id=\"28\"\n\t\t\t\tdata-title=\"20180416_081700\"\n\t\t\t\tdata-description=\"\"\n\t\t\t\tdata-image-slug=\"20180416_081700\"\n\t\t\t\tclass=\"ngg-fancybox\" rel=\"360593f7e5a82037fd3a7d0caecf9cdf\">\n\t\t\t\t<img\n\t\t\t\t\ttitle=\"20180416_081700\"\n\t\t\t\t\talt=\"20180416_081700\"\n\t\t\t\t\tsrc=\"https:\/\/dom-glina.hr\/wp-content\/gallery\/dom-za-starije-osobe-glina\/thumbs\/thumbs_20180416_081700.jpg\"\n\t\t\t\t\twidth=\"240\"\n\t\t\t\t\theight=\"160\"\n\t\t\t\t\tstyle=\"max-width:100%;\"\n\t\t\t\t\/>\n\t\t\t<\/a>\n\t\t<\/div>\n\t\t\t\t\t\t\t<\/div> \n\t\t\t\n\t\t\t\t<div id=\"ngg-image-17\" class=\"ngg-gallery-thumbnail-box \n\t\t\t\t\t\t\t\t\t\t\t\" \n\t\t\t>\n\t\t\t\t\t\t<div class=\"ngg-gallery-thumbnail\">\n\t\t\t<a href=\"https:\/\/dom-glina.hr\/wp-content\/gallery\/dom-za-starije-osobe-glina\/20180418_083634.jpg\"\n\t\t\t\ttitle=\"\"\n\t\t\t\tdata-src=\"https:\/\/dom-glina.hr\/wp-content\/gallery\/dom-za-starije-osobe-glina\/20180418_083634.jpg\"\n\t\t\t\tdata-thumbnail=\"https:\/\/dom-glina.hr\/wp-content\/gallery\/dom-za-starije-osobe-glina\/thumbs\/thumbs_20180418_083634.jpg\"\n\t\t\t\tdata-image-id=\"37\"\n\t\t\t\tdata-title=\"20180418_083634\"\n\t\t\t\tdata-description=\"\"\n\t\t\t\tdata-image-slug=\"20180418_083634\"\n\t\t\t\tclass=\"ngg-fancybox\" rel=\"360593f7e5a82037fd3a7d0caecf9cdf\">\n\t\t\t\t<img\n\t\t\t\t\ttitle=\"20180418_083634\"\n\t\t\t\t\talt=\"20180418_083634\"\n\t\t\t\t\tsrc=\"https:\/\/dom-glina.hr\/wp-content\/gallery\/dom-za-starije-osobe-glina\/thumbs\/thumbs_20180418_083634.jpg\"\n\t\t\t\t\twidth=\"240\"\n\t\t\t\t\theight=\"160\"\n\t\t\t\t\tstyle=\"max-width:100%;\"\n\t\t\t\t\/>\n\t\t\t<\/a>\n\t\t<\/div>\n\t\t\t\t\t\t\t<\/div> \n\t\t\t\n\t\t\t\t<div id=\"ngg-image-18\" class=\"ngg-gallery-thumbnail-box \n\t\t\t\t\t\t\t\t\t\t\t\" \n\t\t\t>\n\t\t\t\t\t\t<div class=\"ngg-gallery-thumbnail\">\n\t\t\t<a href=\"https:\/\/dom-glina.hr\/wp-content\/gallery\/dom-za-starije-osobe-glina\/20180418_075217.jpg\"\n\t\t\t\ttitle=\"\"\n\t\t\t\tdata-src=\"https:\/\/dom-glina.hr\/wp-content\/gallery\/dom-za-starije-osobe-glina\/20180418_075217.jpg\"\n\t\t\t\tdata-thumbnail=\"https:\/\/dom-glina.hr\/wp-content\/gallery\/dom-za-starije-osobe-glina\/thumbs\/thumbs_20180418_075217.jpg\"\n\t\t\t\tdata-image-id=\"36\"\n\t\t\t\tdata-title=\"20180418_075217\"\n\t\t\t\tdata-description=\"\"\n\t\t\t\tdata-image-slug=\"20180418_075217\"\n\t\t\t\tclass=\"ngg-fancybox\" rel=\"360593f7e5a82037fd3a7d0caecf9cdf\">\n\t\t\t\t<img\n\t\t\t\t\ttitle=\"20180418_075217\"\n\t\t\t\t\talt=\"20180418_075217\"\n\t\t\t\t\tsrc=\"https:\/\/dom-glina.hr\/wp-content\/gallery\/dom-za-starije-osobe-glina\/thumbs\/thumbs_20180418_075217.jpg\"\n\t\t\t\t\twidth=\"240\"\n\t\t\t\t\theight=\"160\"\n\t\t\t\t\tstyle=\"max-width:100%;\"\n\t\t\t\t\/>\n\t\t\t<\/a>\n\t\t<\/div>\n\t\t\t\t\t\t\t<\/div> \n\t\t\t\n\t\t\t\t<div id=\"ngg-image-19\" class=\"ngg-gallery-thumbnail-box \n\t\t\t\t\t\t\t\t\t\t\t\" \n\t\t\t>\n\t\t\t\t\t\t<div class=\"ngg-gallery-thumbnail\">\n\t\t\t<a href=\"https:\/\/dom-glina.hr\/wp-content\/gallery\/dom-za-starije-osobe-glina\/20180416_081939.jpg\"\n\t\t\t\ttitle=\"\"\n\t\t\t\tdata-src=\"https:\/\/dom-glina.hr\/wp-content\/gallery\/dom-za-starije-osobe-glina\/20180416_081939.jpg\"\n\t\t\t\tdata-thumbnail=\"https:\/\/dom-glina.hr\/wp-content\/gallery\/dom-za-starije-osobe-glina\/thumbs\/thumbs_20180416_081939.jpg\"\n\t\t\t\tdata-image-id=\"29\"\n\t\t\t\tdata-title=\"20180416_081939\"\n\t\t\t\tdata-description=\"\"\n\t\t\t\tdata-image-slug=\"20180416_081939\"\n\t\t\t\tclass=\"ngg-fancybox\" rel=\"360593f7e5a82037fd3a7d0caecf9cdf\">\n\t\t\t\t<img\n\t\t\t\t\ttitle=\"20180416_081939\"\n\t\t\t\t\talt=\"20180416_081939\"\n\t\t\t\t\tsrc=\"https:\/\/dom-glina.hr\/wp-content\/gallery\/dom-za-starije-osobe-glina\/thumbs\/thumbs_20180416_081939.jpg\"\n\t\t\t\t\twidth=\"240\"\n\t\t\t\t\theight=\"160\"\n\t\t\t\t\tstyle=\"max-width:100%;\"\n\t\t\t\t\/>\n\t\t\t<\/a>\n\t\t<\/div>\n\t\t\t\t\t\t\t<\/div> \n\t\t\t\n\t\n\t<br style=\"clear: both\" \/>\n\n\t\n\t\t<!-- Pagination -->\n\t\t<div class='ngg-navigation'><span class='current'>1<\/span>\n<a class='page-numbers' data-pageid='2' href='https:\/\/dom-glina.hr\/index.php\/nggallery\/page\/2?page_id=87'>2<\/a>\n<a class='prev' href='https:\/\/dom-glina.hr\/index.php\/nggallery\/page\/2?page_id=87' data-pageid=2>&#9658;<\/a><\/div>\t<\/div>\n\n","protected":false},"excerpt":{"rendered":"<p>Dom za starije i nemo\u0107ne osobe Glina je javna ustanova za pru\u017eanje socijalnih usluga starijim i te\u0161ko bolesnim odraslim osobama. Osnovan je Odlukom \u017dupanijske skup\u0161tine Sisa\u010dko-moslava\u010dke \u017eupanije na 19. sjednici odr\u017eanoj 13. listopada 2016. godine (\u201eSlu\u017ebeni glasnik Sisa\u010dko-moslava\u010dke \u017eupanije\u201c, broj 27\/16). Osniva\u010dka prava nad Domom ima Sisa\u010dko-moslava\u010dka \u017eupanija. Dom je pravna osoba upisana u registar&hellip;<\/p>\n","protected":false},"author":1,"featured_media":0,"parent":0,"menu_order":1,"comment_status":"closed","ping_status":"closed","template":"","meta":{"_monsterinsights_skip_tracking":false,"_monsterinsights_sitenote_active":false,"_monsterinsights_sitenote_note":"","_monsterinsights_sitenote_category":0,"ngg_post_thumbnail":0,"footnotes":""},"aioseo_notices":[],"_links":{"self":[{"href":"https:\/\/dom-glina.hr\/index.php?rest_route=\/wp\/v2\/pages\/87"}],"collection":[{"href":"https:\/\/dom-glina.hr\/index.php?rest_route=\/wp\/v2\/pages"}],"about":[{"href":"https:\/\/dom-glina.hr\/index.php?rest_route=\/wp\/v2\/types\/page"}],"author":[{"embeddable":true,"href":"https:\/\/dom-glina.hr\/index.php?rest_route=\/wp\/v2\/users\/1"}],"replies":[{"embeddable":true,"href":"https:\/\/dom-glina.hr\/index.php?rest_route=%2Fwp%2Fv2%2Fcomments&post=87"}],"version-history":[{"count":5,"href":"https:\/\/dom-glina.hr\/index.php?rest_route=\/wp\/v2\/pages\/87\/revisions"}],"predecessor-version":[{"id":4725,"href":"https:\/\/dom-glina.hr\/index.php?rest_route=\/wp\/v2\/pages\/87\/revisions\/4725"}],"wp:attachment":[{"href":"https:\/\/dom-glina.hr\/index.php?rest_route=%2Fwp%2Fv2%2Fmedia&parent=87"}],"curies":[{"name":"wp","href":"https:\/\/api.w.org\/{rel}","templated":true}]}}