{"id":4717,"date":"2020-11-17T07:20:50","date_gmt":"2020-11-17T06:20:50","guid":{"rendered":"http:\/\/dom-glina.hr\/?page_id=4717"},"modified":"2020-11-17T07:35:48","modified_gmt":"2020-11-17T06:35:48","slug":"osoblje","status":"publish","type":"page","link":"https:\/\/dom-glina.hr\/?page_id=4717","title":{"rendered":"Osoblje"},"content":{"rendered":"<p><img loading=\"lazy\" decoding=\"async\" class=\"alignnone wp-image-4726 size-large\" src=\"http:\/\/dom-glina.hr\/wp-content\/uploads\/2020\/11\/osoblje--1024x288.jpg\" alt=\"Osoblje Doma Glina\" width=\"1024\" height=\"288\" srcset=\"https:\/\/dom-glina.hr\/wp-content\/uploads\/2020\/11\/osoblje-.jpg 1024w, https:\/\/dom-glina.hr\/wp-content\/uploads\/2020\/11\/osoblje--300x84.jpg 300w, https:\/\/dom-glina.hr\/wp-content\/uploads\/2020\/11\/osoblje--768x216.jpg 768w\" sizes=\"(max-width: 1024px) 100vw, 1024px\" \/><\/p>\n<p style=\"text-align: left;\">Osoblje Doma \u010dine stru\u010dne osobe razli\u010ditih profila organizirane po funkcionalnim odjelima \u010dine\u0107i jedinstvenu radnu cjelinu.<\/p>\n<p style=\"text-align: left;\">Tim bolni\u010dkog osoblja sastoji se od glavne sestre, medicinskih sestara i njegovatelja te socijalnog radnika koji su korisnicima stacionara na raspolaganju 24 sata te ostalim korisnicima prema njihovim individualnim potrebama. Sve sobe u Domu povezane su na centralni SOS sustav dojave putem kojeg je mogu\u0107e pozvati medicinsku sestru u bilo koje doba dana ili no\u0107i.<\/p>\n<p style=\"text-align: left;\">U odjelima zajedni\u010dkih stru\u010dnih i administrativno-tehni\u010dkih poslova, prehrane i uslu\u017eivanja te odjelu stalnog smje\u0161taja rade odgovorni i stru\u010dni djelatnici sa vi\u0161egodi\u0161njim iskustvom.<\/p>\n<p style=\"text-align: left;\">36 zaposlenih radnika Doma poma\u017ee korisnicima da okru\u017eeni brigom, pa\u017enjom i po\u0161tovanjem starenje i starost ispune kvalitetnim i ugodnom aktivnostima prilago\u0111enim potrebama i interesima korisnika.<\/p>\n<p style=\"text-align: left;\">&nbsp;<\/p>\n","protected":false},"excerpt":{"rendered":"<p>Osoblje Doma \u010dine stru\u010dne osobe razli\u010ditih profila organizirane po funkcionalnim odjelima \u010dine\u0107i jedinstvenu radnu cjelinu. Tim bolni\u010dkog osoblja sastoji se od glavne sestre, medicinskih sestara i njegovatelja te socijalnog radnika koji su korisnicima stacionara na raspolaganju 24 sata te ostalim korisnicima prema njihovim individualnim potrebama. Sve sobe u Domu povezane su na centralni SOS sustav&hellip;<\/p>\n","protected":false},"author":1,"featured_media":0,"parent":0,"menu_order":103,"comment_status":"closed","ping_status":"closed","template":"","meta":{"_monsterinsights_skip_tracking":false,"_monsterinsights_sitenote_active":false,"_monsterinsights_sitenote_note":"","_monsterinsights_sitenote_category":0,"ngg_post_thumbnail":0,"footnotes":""},"aioseo_notices":[],"_links":{"self":[{"href":"https:\/\/dom-glina.hr\/index.php?rest_route=\/wp\/v2\/pages\/4717"}],"collection":[{"href":"https:\/\/dom-glina.hr\/index.php?rest_route=\/wp\/v2\/pages"}],"about":[{"href":"https:\/\/dom-glina.hr\/index.php?rest_route=\/wp\/v2\/types\/page"}],"author":[{"embeddable":true,"href":"https:\/\/dom-glina.hr\/index.php?rest_route=\/wp\/v2\/users\/1"}],"replies":[{"embeddable":true,"href":"https:\/\/dom-glina.hr\/index.php?rest_route=%2Fwp%2Fv2%2Fcomments&post=4717"}],"version-history":[{"count":2,"href":"https:\/\/dom-glina.hr\/index.php?rest_route=\/wp\/v2\/pages\/4717\/revisions"}],"predecessor-version":[{"id":4727,"href":"https:\/\/dom-glina.hr\/index.php?rest_route=\/wp\/v2\/pages\/4717\/revisions\/4727"}],"wp:attachment":[{"href":"https:\/\/dom-glina.hr\/index.php?rest_route=%2Fwp%2Fv2%2Fmedia&parent=4717"}],"curies":[{"name":"wp","href":"https:\/\/api.w.org\/{rel}","templated":true}]}}