{"id":4714,"date":"2020-11-17T07:18:55","date_gmt":"2020-11-17T06:18:55","guid":{"rendered":"http:\/\/dom-glina.hr\/?page_id=4714"},"modified":"2024-02-29T14:17:31","modified_gmt":"2024-02-29T13:17:31","slug":"smjestaj","status":"publish","type":"page","link":"https:\/\/dom-glina.hr\/?page_id=4714","title":{"rendered":"Smje\u0161taj"},"content":{"rendered":"<p><strong>Dokumentacija za smje\u0161taj u Dom za starije osobe Glina<\/strong><br \/>\n<a href=\"https:\/\/dom-glina.hr\/?page_id=956\"><span style=\"text-decoration: underline; color: #3366ff;\"><em>https:\/\/dom-glina.hr\/?page_id=956<\/em><\/span><\/a><\/p>\n<p>&nbsp;<\/p>\n<p style=\"text-align: left;\"><strong>JEDNOKREVETNE SOBE<\/strong><\/p>\n<p><img loading=\"lazy\" decoding=\"async\" class=\"alignnone wp-image-4743 size-full\" src=\"http:\/\/dom-glina.hr\/wp-content\/uploads\/2020\/11\/jednokrevetna.jpg\" alt=\"Jednokrevetna soba\" width=\"800\" height=\"450\" srcset=\"https:\/\/dom-glina.hr\/wp-content\/uploads\/2020\/11\/jednokrevetna.jpg 800w, https:\/\/dom-glina.hr\/wp-content\/uploads\/2020\/11\/jednokrevetna-300x169.jpg 300w, https:\/\/dom-glina.hr\/wp-content\/uploads\/2020\/11\/jednokrevetna-768x432.jpg 768w\" sizes=\"(max-width: 800px) 100vw, 800px\" \/><\/p>\n<p style=\"text-align: left;\">Jednokrevetne sobe u potpunosti su prilago\u0111ene osobama starije \u017eivotne dobi koje imaju potrebu za vlastitom intimom. Povr\u0161ina od 14 m2 omogu\u0107ava komfor, udobnost te ugodnu i opu\u0161taju\u0107u atmosferu. Uz funkcionalni i ergonomski namje\u0161taj. Uz jedan krevet, u sobi se nalaze no\u0107ni ormari\u0107i, stol sa stolicama,fotelja, ormari te vje\u0161alica, ogledalo i umivaonik.<\/p>\n<p>&nbsp;<\/p>\n<p style=\"text-align: left;\"><strong>DVOKREVETNE SOBE<\/strong><\/p>\n<p><img loading=\"lazy\" decoding=\"async\" class=\"alignnone wp-image-4745 size-full\" src=\"http:\/\/dom-glina.hr\/wp-content\/uploads\/2020\/11\/dvokrevetna.jpg\" alt=\"Dvokrevetna soba\" width=\"800\" height=\"450\" srcset=\"https:\/\/dom-glina.hr\/wp-content\/uploads\/2020\/11\/dvokrevetna.jpg 800w, https:\/\/dom-glina.hr\/wp-content\/uploads\/2020\/11\/dvokrevetna-300x169.jpg 300w, https:\/\/dom-glina.hr\/wp-content\/uploads\/2020\/11\/dvokrevetna-768x432.jpg 768w\" sizes=\"(max-width: 800px) 100vw, 800px\" \/><\/p>\n<p style=\"text-align: left;\">Dvokrevetne sobe zauzimaju povr\u0161inu od 18 m2 koja korisnicima pru\u017ea komforan zajedni\u010dki boravak. Uz dva kreveta, u sobi se nalaze no\u0107ni ormari\u0107i, stol sa stolicama, ormari te vje\u0161alica, ogledalo i umivaonik.<\/p>\n<p>&nbsp;<\/p>\n<p style=\"text-align: left;\"><strong>TROKREVETNE SOBE<\/strong><\/p>\n<p style=\"text-align: left;\">Trokrevetne sobe zauzimaju povr\u0161inu od 24 m2 koja korisnicima pru\u017ea komforan zajedni\u010dki boravak. Uz dva kreveta, u sobi se nalaze no\u0107ni ormari\u0107i, stol sa stolicama, ormari te vje\u0161alica, ogledalo i umivaonik.<\/p>\n<p style=\"text-align: left;\">&nbsp;<\/p>\n<p style=\"text-align: left;\"><em><strong>Sve kupaonice i sobe opremljene su alarmnim sustavom koji je svakom korisniku na dohvat ruke.<\/strong><\/em><\/p>\n<p>&nbsp;<\/p>\n<!-- default-view.php -->\n<div\n\tclass=\"ngg-galleryoverview default-view \n\t ngg-ajax-pagination-none\t\"\n\tid=\"ngg-gallery-690a4dd3652f1eeda685323f64cfe015-1\">\n\n\t\t<!-- Thumbnails -->\n\t\t\t\t<div id=\"ngg-image-0\" class=\"ngg-gallery-thumbnail-box \n\t\t\t\t\t\t\t\t\t\t\t\" \n\t\t\t>\n\t\t\t\t\t\t<div class=\"ngg-gallery-thumbnail\">\n\t\t\t<a href=\"https:\/\/dom-glina.hr\/wp-content\/gallery\/smjestaj-galerija-19112020\/dvokrevetna.jpg\"\n\t\t\t\ttitle=\"\"\n\t\t\t\tdata-src=\"https:\/\/dom-glina.hr\/wp-content\/gallery\/smjestaj-galerija-19112020\/dvokrevetna.jpg\"\n\t\t\t\tdata-thumbnail=\"https:\/\/dom-glina.hr\/wp-content\/gallery\/smjestaj-galerija-19112020\/thumbs\/thumbs_dvokrevetna.jpg\"\n\t\t\t\tdata-image-id=\"1349\"\n\t\t\t\tdata-title=\"dvokrevetna\"\n\t\t\t\tdata-description=\"\"\n\t\t\t\tdata-image-slug=\"dvokrevetna\"\n\t\t\t\tclass=\"ngg-fancybox\" rel=\"690a4dd3652f1eeda685323f64cfe015\">\n\t\t\t\t<img\n\t\t\t\t\ttitle=\"dvokrevetna\"\n\t\t\t\t\talt=\"dvokrevetna\"\n\t\t\t\t\tsrc=\"https:\/\/dom-glina.hr\/wp-content\/gallery\/smjestaj-galerija-19112020\/thumbs\/thumbs_dvokrevetna.jpg\"\n\t\t\t\t\twidth=\"240\"\n\t\t\t\t\theight=\"160\"\n\t\t\t\t\tstyle=\"max-width:100%;\"\n\t\t\t\t\/>\n\t\t\t<\/a>\n\t\t<\/div>\n\t\t\t\t\t\t\t<\/div> \n\t\t\t\n\t\t\t\t<div id=\"ngg-image-1\" class=\"ngg-gallery-thumbnail-box \n\t\t\t\t\t\t\t\t\t\t\t\" \n\t\t\t>\n\t\t\t\t\t\t<div class=\"ngg-gallery-thumbnail\">\n\t\t\t<a href=\"https:\/\/dom-glina.hr\/wp-content\/gallery\/smjestaj-galerija-19112020\/jednokrevetna.jpg\"\n\t\t\t\ttitle=\"\"\n\t\t\t\tdata-src=\"https:\/\/dom-glina.hr\/wp-content\/gallery\/smjestaj-galerija-19112020\/jednokrevetna.jpg\"\n\t\t\t\tdata-thumbnail=\"https:\/\/dom-glina.hr\/wp-content\/gallery\/smjestaj-galerija-19112020\/thumbs\/thumbs_jednokrevetna.jpg\"\n\t\t\t\tdata-image-id=\"1350\"\n\t\t\t\tdata-title=\"jednokrevetna\"\n\t\t\t\tdata-description=\"\"\n\t\t\t\tdata-image-slug=\"jednokrevetna\"\n\t\t\t\tclass=\"ngg-fancybox\" rel=\"690a4dd3652f1eeda685323f64cfe015\">\n\t\t\t\t<img\n\t\t\t\t\ttitle=\"jednokrevetna\"\n\t\t\t\t\talt=\"jednokrevetna\"\n\t\t\t\t\tsrc=\"https:\/\/dom-glina.hr\/wp-content\/gallery\/smjestaj-galerija-19112020\/thumbs\/thumbs_jednokrevetna.jpg\"\n\t\t\t\t\twidth=\"240\"\n\t\t\t\t\theight=\"160\"\n\t\t\t\t\tstyle=\"max-width:100%;\"\n\t\t\t\t\/>\n\t\t\t<\/a>\n\t\t<\/div>\n\t\t\t\t\t\t\t<\/div> \n\t\t\t\n\t\t\t\t<div id=\"ngg-image-2\" class=\"ngg-gallery-thumbnail-box \n\t\t\t\t\t\t\t\t\t\t\t\" \n\t\t\t>\n\t\t\t\t\t\t<div class=\"ngg-gallery-thumbnail\">\n\t\t\t<a href=\"https:\/\/dom-glina.hr\/wp-content\/gallery\/smjestaj-galerija-19112020\/kuhinja.jpg\"\n\t\t\t\ttitle=\"\"\n\t\t\t\tdata-src=\"https:\/\/dom-glina.hr\/wp-content\/gallery\/smjestaj-galerija-19112020\/kuhinja.jpg\"\n\t\t\t\tdata-thumbnail=\"https:\/\/dom-glina.hr\/wp-content\/gallery\/smjestaj-galerija-19112020\/thumbs\/thumbs_kuhinja.jpg\"\n\t\t\t\tdata-image-id=\"1351\"\n\t\t\t\tdata-title=\"kuhinja\"\n\t\t\t\tdata-description=\"\"\n\t\t\t\tdata-image-slug=\"kuhinja\"\n\t\t\t\tclass=\"ngg-fancybox\" rel=\"690a4dd3652f1eeda685323f64cfe015\">\n\t\t\t\t<img\n\t\t\t\t\ttitle=\"kuhinja\"\n\t\t\t\t\talt=\"kuhinja\"\n\t\t\t\t\tsrc=\"https:\/\/dom-glina.hr\/wp-content\/gallery\/smjestaj-galerija-19112020\/thumbs\/thumbs_kuhinja.jpg\"\n\t\t\t\t\twidth=\"240\"\n\t\t\t\t\theight=\"160\"\n\t\t\t\t\tstyle=\"max-width:100%;\"\n\t\t\t\t\/>\n\t\t\t<\/a>\n\t\t<\/div>\n\t\t\t\t\t\t\t<\/div> \n\t\t\t\n\t\t\t\t<div id=\"ngg-image-3\" class=\"ngg-gallery-thumbnail-box \n\t\t\t\t\t\t\t\t\t\t\t\" \n\t\t\t>\n\t\t\t\t\t\t<div class=\"ngg-gallery-thumbnail\">\n\t\t\t<a href=\"https:\/\/dom-glina.hr\/wp-content\/gallery\/smjestaj-galerija-19112020\/kupaona-1.jpg\"\n\t\t\t\ttitle=\"\"\n\t\t\t\tdata-src=\"https:\/\/dom-glina.hr\/wp-content\/gallery\/smjestaj-galerija-19112020\/kupaona-1.jpg\"\n\t\t\t\tdata-thumbnail=\"https:\/\/dom-glina.hr\/wp-content\/gallery\/smjestaj-galerija-19112020\/thumbs\/thumbs_kupaona-1.jpg\"\n\t\t\t\tdata-image-id=\"1352\"\n\t\t\t\tdata-title=\"kupaona 1\"\n\t\t\t\tdata-description=\"\"\n\t\t\t\tdata-image-slug=\"kupaona-1\"\n\t\t\t\tclass=\"ngg-fancybox\" rel=\"690a4dd3652f1eeda685323f64cfe015\">\n\t\t\t\t<img\n\t\t\t\t\ttitle=\"kupaona 1\"\n\t\t\t\t\talt=\"kupaona 1\"\n\t\t\t\t\tsrc=\"https:\/\/dom-glina.hr\/wp-content\/gallery\/smjestaj-galerija-19112020\/thumbs\/thumbs_kupaona-1.jpg\"\n\t\t\t\t\twidth=\"240\"\n\t\t\t\t\theight=\"160\"\n\t\t\t\t\tstyle=\"max-width:100%;\"\n\t\t\t\t\/>\n\t\t\t<\/a>\n\t\t<\/div>\n\t\t\t\t\t\t\t<\/div> \n\t\t\t\n\t\t\t\t<div id=\"ngg-image-4\" class=\"ngg-gallery-thumbnail-box \n\t\t\t\t\t\t\t\t\t\t\t\" \n\t\t\t>\n\t\t\t\t\t\t<div class=\"ngg-gallery-thumbnail\">\n\t\t\t<a href=\"https:\/\/dom-glina.hr\/wp-content\/gallery\/smjestaj-galerija-19112020\/kupaona-2.jpg\"\n\t\t\t\ttitle=\"\"\n\t\t\t\tdata-src=\"https:\/\/dom-glina.hr\/wp-content\/gallery\/smjestaj-galerija-19112020\/kupaona-2.jpg\"\n\t\t\t\tdata-thumbnail=\"https:\/\/dom-glina.hr\/wp-content\/gallery\/smjestaj-galerija-19112020\/thumbs\/thumbs_kupaona-2.jpg\"\n\t\t\t\tdata-image-id=\"1353\"\n\t\t\t\tdata-title=\"kupaona 2\"\n\t\t\t\tdata-description=\"\"\n\t\t\t\tdata-image-slug=\"kupaona-2\"\n\t\t\t\tclass=\"ngg-fancybox\" rel=\"690a4dd3652f1eeda685323f64cfe015\">\n\t\t\t\t<img\n\t\t\t\t\ttitle=\"kupaona 2\"\n\t\t\t\t\talt=\"kupaona 2\"\n\t\t\t\t\tsrc=\"https:\/\/dom-glina.hr\/wp-content\/gallery\/smjestaj-galerija-19112020\/thumbs\/thumbs_kupaona-2.jpg\"\n\t\t\t\t\twidth=\"240\"\n\t\t\t\t\theight=\"160\"\n\t\t\t\t\tstyle=\"max-width:100%;\"\n\t\t\t\t\/>\n\t\t\t<\/a>\n\t\t<\/div>\n\t\t\t\t\t\t\t<\/div> \n\t\t\t\n\t\t\t\t<div id=\"ngg-image-5\" class=\"ngg-gallery-thumbnail-box \n\t\t\t\t\t\t\t\t\t\t\t\" \n\t\t\t>\n\t\t\t\t\t\t<div class=\"ngg-gallery-thumbnail\">\n\t\t\t<a href=\"https:\/\/dom-glina.hr\/wp-content\/gallery\/smjestaj-galerija-19112020\/toalet.jpg\"\n\t\t\t\ttitle=\"\"\n\t\t\t\tdata-src=\"https:\/\/dom-glina.hr\/wp-content\/gallery\/smjestaj-galerija-19112020\/toalet.jpg\"\n\t\t\t\tdata-thumbnail=\"https:\/\/dom-glina.hr\/wp-content\/gallery\/smjestaj-galerija-19112020\/thumbs\/thumbs_toalet.jpg\"\n\t\t\t\tdata-image-id=\"1354\"\n\t\t\t\tdata-title=\"toalet\"\n\t\t\t\tdata-description=\"\"\n\t\t\t\tdata-image-slug=\"toalet\"\n\t\t\t\tclass=\"ngg-fancybox\" rel=\"690a4dd3652f1eeda685323f64cfe015\">\n\t\t\t\t<img\n\t\t\t\t\ttitle=\"toalet\"\n\t\t\t\t\talt=\"toalet\"\n\t\t\t\t\tsrc=\"https:\/\/dom-glina.hr\/wp-content\/gallery\/smjestaj-galerija-19112020\/thumbs\/thumbs_toalet.jpg\"\n\t\t\t\t\twidth=\"240\"\n\t\t\t\t\theight=\"160\"\n\t\t\t\t\tstyle=\"max-width:100%;\"\n\t\t\t\t\/>\n\t\t\t<\/a>\n\t\t<\/div>\n\t\t\t\t\t\t\t<\/div> \n\t\t\t\n\t\n\t<br style=\"clear: both\" \/>\n\n\t\n\t\t<!-- Pagination -->\n\t\t<div class='ngg-clear'><\/div>\t<\/div>\n\n","protected":false},"excerpt":{"rendered":"<p>Dokumentacija za smje\u0161taj u Dom za starije osobe Glina https:\/\/dom-glina.hr\/?page_id=956 &nbsp; JEDNOKREVETNE SOBE Jednokrevetne sobe u potpunosti su prilago\u0111ene osobama starije \u017eivotne dobi koje imaju potrebu za vlastitom intimom. Povr\u0161ina od 14 m2 omogu\u0107ava komfor, udobnost te ugodnu i opu\u0161taju\u0107u atmosferu. Uz funkcionalni i ergonomski namje\u0161taj. Uz jedan krevet, u sobi se nalaze no\u0107ni ormari\u0107i,&hellip;<\/p>\n","protected":false},"author":1,"featured_media":0,"parent":0,"menu_order":102,"comment_status":"closed","ping_status":"closed","template":"","meta":{"_monsterinsights_skip_tracking":false,"_monsterinsights_sitenote_active":false,"_monsterinsights_sitenote_note":"","_monsterinsights_sitenote_category":0,"ngg_post_thumbnail":0,"footnotes":""},"aioseo_notices":[],"_links":{"self":[{"href":"https:\/\/dom-glina.hr\/index.php?rest_route=\/wp\/v2\/pages\/4714"}],"collection":[{"href":"https:\/\/dom-glina.hr\/index.php?rest_route=\/wp\/v2\/pages"}],"about":[{"href":"https:\/\/dom-glina.hr\/index.php?rest_route=\/wp\/v2\/types\/page"}],"author":[{"embeddable":true,"href":"https:\/\/dom-glina.hr\/index.php?rest_route=\/wp\/v2\/users\/1"}],"replies":[{"embeddable":true,"href":"https:\/\/dom-glina.hr\/index.php?rest_route=%2Fwp%2Fv2%2Fcomments&post=4714"}],"version-history":[{"count":9,"href":"https:\/\/dom-glina.hr\/index.php?rest_route=\/wp\/v2\/pages\/4714\/revisions"}],"predecessor-version":[{"id":6710,"href":"https:\/\/dom-glina.hr\/index.php?rest_route=\/wp\/v2\/pages\/4714\/revisions\/6710"}],"wp:attachment":[{"href":"https:\/\/dom-glina.hr\/index.php?rest_route=%2Fwp%2Fv2%2Fmedia&parent=4714"}],"curies":[{"name":"wp","href":"https:\/\/api.w.org\/{rel}","templated":true}]}}