{"id":4165,"date":"2020-09-16T06:40:29","date_gmt":"2020-09-16T04:40:29","guid":{"rendered":"http:\/\/dom-glina.hr\/?page_id=4165"},"modified":"2020-09-18T15:42:07","modified_gmt":"2020-09-18T13:42:07","slug":"izjava-o-pristupacnosti","status":"publish","type":"page","link":"https:\/\/dom-glina.hr\/?page_id=4165","title":{"rendered":"Izjava o pristupa\u010dnosti"},"content":{"rendered":"<p>Dom za starije osobe Glina nastoji svoje mre\u017ene stranice u\u010diniti pristupa\u010dnima u skladu sa Zakonom o pristupa\u010dnosti mre\u017enih stranica i programskih rje\u0161enja za pokretne ure\u0111aje tijela javnog sektora Republike Hrvatske (\u201eNarodne novine\u201c, broj 17\/19; dalje u tekstu: Zakon o pristupa\u010dnosti) kojim se prenosi Direktiva (EU) 2016\/2102 Europskog parlamenta i Vije\u0107a od 26. listopada 2016. o pristupa\u010dnosti internetskih stranica i mobilnih aplikacija tijela javnog sektora (SL L 327, 2.12.2016.).<\/p>\n<p>Ova Izjava o pristupa\u010dnosti primjenjuje se na mre\u017eno sjedi\u0161te Doma Glina koje se nalazi na adresi: dom-glina.hr<\/p>\n<p><strong>Stupanj uskla\u0111enosti<\/strong><\/p>\n<p>Instalacijom opcija za promjenu veli\u010dine i vrste fonta, promjenu kontrasta i promjenu boje pozadine izvr\u0161ena je po\u010detna prilagodba mre\u017enog sjedi\u0161ta dom-glina.hr u skladu sa Zakonom o pristupa\u010dnosti.<\/p>\n<p>Mre\u017eno sjedi\u0161te dom-glina.hr djelomi\u010dno je uskla\u0111eno sa Zakonom zbog neuskla\u0111enosti koje su navedene u nastavku.<\/p>\n<p><strong>Nepristupa\u010dan sadr\u017eaj<\/strong><\/p>\n<p>Sadr\u017eaj naveden u nastavku je nepristupa\u010dan iz razloga:<\/p>\n<ul>\n<li>Tekst nije u potpunosti poravnan po lijevoj margini<\/li>\n<li>Ne postoji opcija uklju\u010divanja fonta za osobe s disleksijom<\/li>\n<li>Pojedini elementi nemaju dovoljno dobar kontrast s pozadinom<\/li>\n<li>pojedine .pdf datoteke sadr\u017eane u objavama nisu u cijelosti nastale izvozom iz izvori\u0161ne datoteke iz alata Microsoft Office Word uz odabir opcija za pristupa\u010dnost, ve\u0107 skeniranjem tiskanih dokumenata, odnosno nisu pristupa\u010dne jer nisu prikladno pripremljene za \u010dita\u010de ekrana;<\/li>\n<li>dio slika i datoteka nema prikladan tekstualni opis (alt tekst);<\/li>\n<li>pojedine vrste datoteka ( .doc, .xls) dostupne su isklju\u010divo kao datoteke za preuzimanje<\/li>\n<li>izbornici s poveznicom se otvaraju prelaskom umjesto klikom<\/li>\n<li>nije mogu\u0107e u potpunosti kretanje kroz sadr\u017eaj stranice tipkovnicom<\/li>\n<\/ul>\n<p>Dom za starije osobe Glina radi na uklanjanju uo\u010denih neuskla\u0111enosti s ciljem uskla\u0111ivanja sa Zakonom o pristupa\u010dnosti.<\/p>\n<p><strong>Priprema ove izjave o pristupa\u010dnosti<\/strong><\/p>\n<p>Ova je izjava sastavljena 18. rujna 2020. godine, prema Predlo\u0161ku izjave o pristupa\u010dnosti koji je u skladu s Direktivom (EU) 2016\/2102 Europskog parlamenta i Vije\u0107a o pristupa\u010dnosti internetskih stranica i mobilnih aplikacija tijela javnog sektora, a utvr\u0111ena je Provedbenom odlukom Komisije (EU) 2018\/1523.<\/p>\n<p>Za pripremu ove Izjave kori\u0161tena je metoda samoprocjene koju je proveo Dom za starije osobe Glina, uz automatiziranu provjeru pristupa\u010dnosti kori\u0161tenjem razli\u010ditih dostupnih alata te vanjskom procjenom.<\/p>\n<p>Izjava je zadnji put preispitana 18. rujna 2020.<\/p>\n<p><strong>Povratne informacije i podaci za kontakt<\/strong><\/p>\n<p>Molimo korisnike ovih mre\u017enih stranica ako primijete neuskla\u0111en sadr\u017eaj, koji nije obuhva\u0107en ovom izjavom, da o tome obavijeste Dom za starije osobe Glina.<\/p>\n<p>Sve upite vezane uz pristupa\u010dnost mre\u017enog sjedi\u0161ta Doma Glina korisnici mogu uputiti putem elektroni\u010dke po\u0161te: kontakt@dom-glina.hr.<\/p>\n<p><strong>Postupak pra\u0107enja provedbe propisa<\/strong><\/p>\n<p>Povjerenik za informiranje Republike Hrvatske je tijelo nadle\u017eno za pra\u0107enje uskla\u0111enosti mre\u017enih stranica i programskih rje\u0161enja za pokretne ure\u0111aje tijela javnog sektora sa zahtjevima pristupa\u010dnosti i nadzor nad provedbom Zakona o pristupa\u010dnosti.<\/p>\n<p>U slu\u010daju nezadovoljavaju\u0107ih odgovora na obavijest ili zahtjev za povratne informacije o pristupa\u010dnosti ovim mre\u017enih stranica, korisnici se mogu obratiti Povjereniku za informiranje telefonom ili putem elektroni\u010dke po\u0161te na adresi: pristupacnost@pristupinfo.hr.<\/p>\n","protected":false},"excerpt":{"rendered":"<p>Dom za starije osobe Glina nastoji svoje mre\u017ene stranice u\u010diniti pristupa\u010dnima u skladu sa Zakonom o pristupa\u010dnosti mre\u017enih stranica i programskih rje\u0161enja za pokretne ure\u0111aje tijela javnog sektora Republike Hrvatske (\u201eNarodne novine\u201c, broj 17\/19; dalje u tekstu: Zakon o pristupa\u010dnosti) kojim se prenosi Direktiva (EU) 2016\/2102 Europskog parlamenta i Vije\u0107a od 26. listopada 2016. o&hellip;<\/p>\n","protected":false},"author":1,"featured_media":0,"parent":0,"menu_order":0,"comment_status":"closed","ping_status":"closed","template":"","meta":{"_monsterinsights_skip_tracking":false,"_monsterinsights_sitenote_active":false,"_monsterinsights_sitenote_note":"","_monsterinsights_sitenote_category":0,"ngg_post_thumbnail":0,"footnotes":""},"aioseo_notices":[],"_links":{"self":[{"href":"https:\/\/dom-glina.hr\/index.php?rest_route=\/wp\/v2\/pages\/4165"}],"collection":[{"href":"https:\/\/dom-glina.hr\/index.php?rest_route=\/wp\/v2\/pages"}],"about":[{"href":"https:\/\/dom-glina.hr\/index.php?rest_route=\/wp\/v2\/types\/page"}],"author":[{"embeddable":true,"href":"https:\/\/dom-glina.hr\/index.php?rest_route=\/wp\/v2\/users\/1"}],"replies":[{"embeddable":true,"href":"https:\/\/dom-glina.hr\/index.php?rest_route=%2Fwp%2Fv2%2Fcomments&post=4165"}],"version-history":[{"count":2,"href":"https:\/\/dom-glina.hr\/index.php?rest_route=\/wp\/v2\/pages\/4165\/revisions"}],"predecessor-version":[{"id":4439,"href":"https:\/\/dom-glina.hr\/index.php?rest_route=\/wp\/v2\/pages\/4165\/revisions\/4439"}],"wp:attachment":[{"href":"https:\/\/dom-glina.hr\/index.php?rest_route=%2Fwp%2Fv2%2Fmedia&parent=4165"}],"curies":[{"name":"wp","href":"https:\/\/api.w.org\/{rel}","templated":true}]}}